{"id":91415,"date":"2025-02-03T16:19:57","date_gmt":"2025-02-03T15:19:57","guid":{"rendered":"https:\/\/www.visitsicily.info\/sicilia-d-inverno\/"},"modified":"2025-10-03T12:25:08","modified_gmt":"2025-10-03T10:25:08","slug":"sicilia-d-inverno","status":"publish","type":"page","link":"https:\/\/www.visitsicily.info\/fr\/sicilia-d-inverno\/","title":{"rendered":"sicilia d&#8217;inverno-hp"},"content":{"rendered":"<p><section class=\"fusion-fullwidth fullwidth-box fusion-builder-row-1 fusion-flex-container has-pattern-background has-mask-background fusion-parallax-none hundred-percent-fullwidth non-hundred-percent-height-scrolling lazyload\" style=\"--awb-background-blend-mode:overlay;--awb-border-radius-top-left:0px;--awb-border-radius-top-right:0px;--awb-border-radius-bottom-right:0px;--awb-border-radius-bottom-left:0px;--awb-min-height:70vh;--awb-background-color:rgba(0,0,0,0.2);--awb-background-size:cover;--awb-flex-wrap:wrap;\" data-bg=\"https:\/\/www.visitsicily.info\/wp-content\/uploads\/2025\/02\/cultura_taormina_teatro-antico-di-taormina-etna-01-ph.-Just-maria-1-1024x565.jpg\" ><div class=\"fusion-builder-row fusion-row fusion-flex-align-items-center fusion-flex-justify-content-center fusion-flex-content-wrap\" style=\"width:104% !important;max-width:104% !important;margin-left: calc(-4% \/ 2 );margin-right: calc(-4% \/ 2 );\"><div class=\"fusion-layout-column fusion_builder_column fusion-builder-column-0 fusion_builder_column_1_1 1_1 fusion-flex-column fusion-flex-align-self-center\" style=\"--awb-bg-size:cover;--awb-width-large:100%;--awb-margin-top-large:0px;--awb-spacing-right-large:1.92%;--awb-margin-bottom-large:20px;--awb-spacing-left-large:1.92%;--awb-width-medium:100%;--awb-order-medium:0;--awb-spacing-right-medium:1.92%;--awb-spacing-left-medium:1.92%;--awb-width-small:100%;--awb-order-small:0;--awb-spacing-right-small:1.92%;--awb-spacing-left-small:1.92%;\"><div class=\"fusion-column-wrapper fusion-column-has-shadow fusion-flex-justify-content-center fusion-content-layout-column\"><div class=\"fusion-text fusion-text-1\" style=\"--awb-text-transform:none;--awb-text-color:#ffffff;\"><h1 style=\"text-align: center; margin: 0; color: #fff; font-size: 80px;\"><strong>La Sicile en hiver<\/strong><\/h1>\n<h2 style=\"text-align: center; margin: 0; color: #fff;\">D\u00e9couvrez la magie de l&#8217;hiver en Sicile!<\/h2>\n<\/div><\/div><\/div><\/div><\/section><div class=\"fusion-fullwidth fullwidth-box fusion-builder-row-2 fusion-flex-container nonhundred-percent-fullwidth non-hundred-percent-height-scrolling\" style=\"--awb-border-radius-top-left:0px;--awb-border-radius-top-right:0px;--awb-border-radius-bottom-right:0px;--awb-border-radius-bottom-left:0px;--awb-padding-top:30px;--awb-flex-wrap:wrap;\" ><div class=\"fusion-builder-row fusion-row fusion-flex-align-items-flex-start fusion-flex-content-wrap\" style=\"max-width:1248px;margin-left: calc(-4% \/ 2 );margin-right: calc(-4% \/ 2 );\"><div class=\"fusion-layout-column fusion_builder_column fusion-builder-column-1 fusion_builder_column_1_1 1_1 fusion-flex-column\" style=\"--awb-bg-size:cover;--awb-width-large:100%;--awb-margin-top-large:0px;--awb-spacing-right-large:1.92%;--awb-margin-bottom-large:20px;--awb-spacing-left-large:1.92%;--awb-width-medium:100%;--awb-order-medium:0;--awb-spacing-right-medium:1.92%;--awb-spacing-left-medium:1.92%;--awb-width-small:100%;--awb-order-small:0;--awb-spacing-right-small:1.92%;--awb-spacing-left-small:1.92%;\"><div class=\"fusion-column-wrapper fusion-column-has-shadow fusion-flex-justify-content-flex-start fusion-content-layout-column\"><div class=\"fusion-text fusion-text-2\" style=\"--awb-content-alignment:justify;--awb-font-size:20px;--awb-text-transform:none;--awb-text-font-family:&quot;Poppins&quot;;--awb-text-font-style:normal;--awb-text-font-weight:400;\"><p>Loin des routes encombr\u00e9es, avec son climat qui permet de profiter de ses paysages tout au long de l&#8217;ann\u00e9e, <strong>la Sicile en hiver<\/strong> r\u00e9v\u00e8le son visage le plus authentique. <a href=\"https:\/\/www.visitsicily.info\/fr\/category\/categorie-fr\/borghi-fr\/\">Des villages<\/a> envelopp\u00e9s de silence, <a href=\"\/localita\/\">des villes d&#8217;art<\/a> \u00e0 explorer sans h\u00e2te et pas moins de 7 sites <a href=\"https:\/\/www.visitsicily.info\/fr\/category\/categorie-fr\/arte-e-cultura-sicile\/unesco-fr\/\">UNESCO<\/a>, des paysages teint\u00e9s de nouvelles couleurs et <a href=\"https:\/\/www.visitsicily.info\/fr\/category\/categorie-fr\/entroterra-fr\/\">un arri\u00e8re-pays<\/a> qui raconte des histoires anciennes, entrem\u00ealant traditions mill\u00e9naires et l\u00e9gendes suspendues dans le temps.<br \/>\nPour les amateurs <a href=\"https:\/\/www.visitsicily.info\/fr\/category\/categorie-fr\/en-plein-air-fr\/\">de plein air<\/a>, l&#8217;\u00eele offre <a href=\"https:\/\/www.visitsicily.info\/fr\/category\/categorie-fr\/en-plein-air-fr\/trekking-e-outdoor-fr\/\" target=\"_blank\" rel=\"noopener\"> des sentiers de randonn\u00e9e<\/a> et <a href=\"https:\/\/www.visitsicily.info\/proposta\/cammini-sicilia-2025\/\">de balade<\/a> \u00e0 couper le souffle qui serpentent entre nature et histoire, des c\u00f4tes sauvages sculpt\u00e9es par le vent et des sommets blanchis \u00e0 la chaux qui surprennent comme des mirages inattendus. La mer en hiver devient un horizon de tranquillit\u00e9, o\u00f9 les vagues murmurent des histoires lointaines, tandis que les couchers de soleil se refl\u00e8tent dans l&#8217;eau cristalline, offrant des moments suspendus entre r\u00eave et r\u00e9alit\u00e9.<br \/>\nL&#8217;hiver est aussi la saison des <a href=\"\/evento-new\/?post_types=evento-new\">\u00e9v\u00e9nements incontournables <\/a>: festivals culturels, f\u00eates populaires, march\u00e9s de No\u00ebl et rituels traditionnels qui racontent l&#8217;\u00e2me de l&#8217;\u00eele. Et pour les amateurs de divertissement, <a href=\"https:\/\/www.visitsicily.info\/fr\/le-theatre-en-sicile\/\">les th\u00e9\u00e2tres siciliens<\/a> ouvrent le rideau sur des saisons de th\u00e9\u00e2tre et de concerts qui vont de la prose \u00e0 l&#8217;op\u00e9ra, de la musique classique aux grands \u00e9v\u00e9nements contemporains.<br \/>\nEt pour ceux qui veulent vivre cette magie de la mani\u00e8re la plus intense, il existe des exp\u00e9riences con\u00e7ues pour chaque voyageur : <a href=\"https:\/\/www.visitsicily.info\/fr\/sapore\/le-vin-en-sicile\/\">des vins<\/a> et <a href=\"https:\/\/www.visitsicily.info\/fr\/sapori\/\">sapdes saveursori<\/a> uniques qui racontent l&#8217;\u00e2me authentique de l&#8217;\u00eele, l&#8217;atmosph\u00e8re particuli\u00e8re <a href=\"https:\/\/www.visitsicily.info\/fr\/sapore\/anciens-marches-de-sicile\/\">des anciens march\u00e9s traditionnels<\/a>, <a href=\"https:\/\/www.visitsicily.info\/fr\/itinerari\/\">des itin\u00e9raires culturels<\/a> qui d\u00e9voilent ses merveilles les plus cach\u00e9es et <a href=\"https:\/\/www.visitsicily.info\/fr\/category\/categorie-fr\/terme-e-benessere-fr\/\" target=\"_blank\" rel=\"noopener\">des itin\u00e9raires de bien-\u00eatre<\/a> pour r\u00e9g\u00e9n\u00e9rer l&#8217;esprit et le corps.<br \/>\nL&#8217;hiver est le moment id\u00e9al pour d\u00e9couvrir la Sicile sous un jour nouveau : plus lent, plus intime, plus vrai.<br \/>\n\u00cates-vous pr\u00eat \u00e0 partir ?<\/p>\n<\/div><\/div><\/div><\/div><\/div><div class=\"fusion-fullwidth fullwidth-box fusion-builder-row-3 fusion-flex-container nonhundred-percent-fullwidth non-hundred-percent-height-scrolling\" style=\"--awb-border-radius-top-left:0px;--awb-border-radius-top-right:0px;--awb-border-radius-bottom-right:0px;--awb-border-radius-bottom-left:0px;--awb-padding-right-medium:15px;--awb-padding-left-medium:15px;--awb-flex-wrap:wrap;\" id=\"detail-related-block\" ><div class=\"fusion-builder-row fusion-row fusion-flex-align-items-flex-start fusion-flex-content-wrap\" style=\"max-width:1248px;margin-left: calc(-4% \/ 2 );margin-right: calc(-4% \/ 2 );\"><div class=\"fusion-layout-column fusion_builder_column fusion-builder-column-2 fusion_builder_column_1_1 1_1 fusion-flex-column\" style=\"--awb-bg-size:cover;--awb-width-large:100%;--awb-margin-top-large:0px;--awb-spacing-right-large:1.92%;--awb-margin-bottom-large:20px;--awb-spacing-left-large:1.92%;--awb-width-medium:100%;--awb-order-medium:0;--awb-spacing-right-medium:1.92%;--awb-spacing-left-medium:1.92%;--awb-width-small:100%;--awb-order-small:0;--awb-spacing-right-small:1.92%;--awb-spacing-left-small:1.92%;\"><div class=\"fusion-column-wrapper fusion-column-has-shadow fusion-flex-justify-content-flex-start fusion-content-layout-column\"><div class=\"fusion-text fusion-text-3 fusion-text-no-margin\" style=\"--awb-content-alignment:center;--awb-font-size:40px;--awb-text-transform:uppercase;--awb-text-color:#000000;--awb-margin-bottom:40px;--awb-text-font-family:&quot;Poppins&quot;;--awb-text-font-style:normal;--awb-text-font-weight:700;\"><p>LA SICILE <span style=\"color: #adeaff;\">EN HIVER<\/span><\/p>\n<\/div><div class=\"fusion-post-cards fusion-post-cards-1 fusion-grid-columns-2\" style=\"--awb-column-spacing:10px;--awb-dots-align:center;--awb-columns:2;--awb-filters-color:#4d9b8d;--awb-active-filter-border-size:3px;--awb-filters-height:36px;--awb-row-spacing:10px;\" data-post-type-label=\"propositions de voyage\" id=\"detail-related\"><ul class=\"fusion-grid fusion-grid-2 fusion-flex-align-items-flex-start fusion-grid-posts-cards\"><li class=\"fusion-layout-column fusion_builder_column fusion-builder-column-3 fusion-flex-column fusion-animated post-card fusion-grid-column fusion-post-cards-grid-column\" style=\"--awb-bg-position:center center;--awb-bg-blend:overlay;--awb-bg-size:cover;--awb-flex-grow:0;--awb-flex-shrink:0;--awb-flex-grow-medium:0;--awb-flex-shrink-medium:0;--awb-flex-grow-small:0;--awb-flex-shrink-small:0;\" data-animationType=\"zoomIn\" data-animationDuration=\"0.3\" data-animationOffset=\"top-into-view\"><div class=\"fusion-column-wrapper fusion-column-has-shadow fusion-flex-justify-content-center fusion-content-layout-column\"><div class=\"fusion-builder-row fusion-builder-row-inner fusion-row fusion-flex-align-items-flex-start fusion-flex-content-wrap\" style=\"--awb-flex-grow:0;--awb-flex-grow-medium:0;--awb-flex-grow-small:0;--awb-flex-shrink:0;--awb-flex-shrink-medium:0;--awb-flex-shrink-small:0;width:104% !important;max-width:104% !important;margin-left: calc(-4% \/ 2 );margin-right: calc(-4% \/ 2 );\"><div class=\"fusion-layout-column fusion_builder_column_inner fusion-builder-nested-column-0 fusion_builder_column_inner_1_1 1_1 fusion-flex-column fusion-column-inner-bg-wrapper fusion-animated\" style=\"--awb-inner-bg-color:#666666;--awb-inner-bg-color-hover:#666666;--awb-inner-bg-position:center center;--awb-inner-bg-blend:overlay;--awb-inner-bg-size:cover;--awb-width-large:100%;--awb-margin-top-large:0px;--awb-spacing-right-large:1.92%;--awb-margin-bottom-large:20px;--awb-spacing-left-large:1.92%;--awb-width-medium:100%;--awb-order-medium:0;--awb-spacing-right-medium:1.92%;--awb-spacing-left-medium:1.92%;--awb-width-small:100%;--awb-order-small:0;--awb-spacing-right-small:1.92%;--awb-spacing-left-small:1.92%;\" data-animationType=\"zoomIn\" data-animationDuration=\"0.3\" data-animationOffset=\"top-into-view\"><span class=\"fusion-column-inner-bg hover-type-zoomin\"><a class=\"fusion-column-anchor\" href=\"https:\/\/www.visitsicily.info\/fr\/category\/proposte-esperienziali-fr\/\"><span class=\"fusion-column-inner-bg-image lazyload\" data-bg=\"https:\/\/www.visitsicily.info\/wp-content\/uploads\/2025\/01\/38960CDC-DE97-465F-8704-DF777585C7D8.jpeg\"><\/span><\/a><\/span><div class=\"fusion-column-wrapper fusion-column-has-shadow fusion-flex-justify-content-flex-start fusion-content-layout-column fusion-column-has-bg-image\" data-bg-url=\"https:\/\/www.visitsicily.info\/wp-content\/uploads\/2025\/01\/38960CDC-DE97-465F-8704-DF777585C7D8.jpeg\"><div class=\"fusion-separator fusion-full-width-sep\" style=\"align-self: center;margin-left: auto;margin-right: auto;margin-top:100%;width:100%;\"><\/div><div class=\"fusion-text fusion-text-4 fusion-text-no-margin centered-overlay-text\" style=\"--awb-content-alignment:center;--awb-font-size:30px;--awb-line-height:1;--awb-text-transform:uppercase;--awb-text-color:#ffffff;--awb-margin-top:10px;--awb-margin-right:10px;--awb-margin-bottom:10px;--awb-margin-left:10px;--awb-text-font-family:&quot;Poppins&quot;;--awb-text-font-style:normal;--awb-text-font-weight:700;\"><p>Propositions exp\u00e9rientielles<\/p>\n<\/div><\/div><\/div><\/div><\/div><\/li>\n<li class=\"fusion-layout-column fusion_builder_column fusion-builder-column-4 fusion-flex-column fusion-animated post-card fusion-grid-column fusion-post-cards-grid-column\" style=\"--awb-bg-position:center center;--awb-bg-blend:overlay;--awb-bg-size:cover;--awb-flex-grow:0;--awb-flex-shrink:0;--awb-flex-grow-medium:0;--awb-flex-shrink-medium:0;--awb-flex-grow-small:0;--awb-flex-shrink-small:0;\" data-animationType=\"zoomIn\" data-animationDuration=\"0.3\" data-animationOffset=\"top-into-view\"><div class=\"fusion-column-wrapper fusion-column-has-shadow fusion-flex-justify-content-center fusion-content-layout-column\"><div class=\"fusion-builder-row fusion-builder-row-inner fusion-row fusion-flex-align-items-flex-start fusion-flex-content-wrap\" style=\"--awb-flex-grow:0;--awb-flex-grow-medium:0;--awb-flex-grow-small:0;--awb-flex-shrink:0;--awb-flex-shrink-medium:0;--awb-flex-shrink-small:0;width:104% !important;max-width:104% !important;margin-left: calc(-4% \/ 2 );margin-right: calc(-4% \/ 2 );\"><div class=\"fusion-layout-column fusion_builder_column_inner fusion-builder-nested-column-1 fusion_builder_column_inner_1_1 1_1 fusion-flex-column fusion-column-inner-bg-wrapper fusion-animated\" style=\"--awb-inner-bg-color:#666666;--awb-inner-bg-color-hover:#666666;--awb-inner-bg-position:center center;--awb-inner-bg-blend:overlay;--awb-inner-bg-size:cover;--awb-width-large:100%;--awb-margin-top-large:0px;--awb-spacing-right-large:1.92%;--awb-margin-bottom-large:20px;--awb-spacing-left-large:1.92%;--awb-width-medium:100%;--awb-order-medium:0;--awb-spacing-right-medium:1.92%;--awb-spacing-left-medium:1.92%;--awb-width-small:100%;--awb-order-small:0;--awb-spacing-right-small:1.92%;--awb-spacing-left-small:1.92%;\" data-animationType=\"zoomIn\" data-animationDuration=\"0.3\" data-animationOffset=\"top-into-view\"><span class=\"fusion-column-inner-bg hover-type-zoomin\"><a class=\"fusion-column-anchor\" href=\"https:\/\/www.visitsicily.info\/fr\/category\/pacchetti-turistici-fr\/\"><span class=\"fusion-column-inner-bg-image lazyload\" data-bg=\"https:\/\/www.visitsicily.info\/wp-content\/uploads\/2025\/02\/MONDELLO-scaled.jpg\"><\/span><\/a><\/span><div class=\"fusion-column-wrapper fusion-column-has-shadow fusion-flex-justify-content-flex-start fusion-content-layout-column fusion-column-has-bg-image\" data-bg-url=\"https:\/\/www.visitsicily.info\/wp-content\/uploads\/2025\/02\/MONDELLO-scaled.jpg\"><div class=\"fusion-separator fusion-full-width-sep\" style=\"align-self: center;margin-left: auto;margin-right: auto;margin-top:100%;width:100%;\"><\/div><div class=\"fusion-text fusion-text-5 fusion-text-no-margin centered-overlay-text\" style=\"--awb-content-alignment:center;--awb-font-size:30px;--awb-line-height:1;--awb-text-transform:uppercase;--awb-text-color:#ffffff;--awb-margin-top:10px;--awb-margin-right:10px;--awb-margin-bottom:10px;--awb-margin-left:10px;--awb-text-font-family:&quot;Poppins&quot;;--awb-text-font-style:normal;--awb-text-font-weight:700;\"><p>Forfaits touristiques<\/p>\n<\/div><\/div><\/div><\/div><\/div><\/li>\n<\/ul><\/div><\/div><\/div><\/div><\/div><div class=\"fusion-fullwidth fullwidth-box fusion-builder-row-4 fusion-flex-container has-pattern-background has-mask-background nonhundred-percent-fullwidth non-hundred-percent-height-scrolling\" style=\"--awb-border-radius-top-left:0px;--awb-border-radius-top-right:0px;--awb-border-radius-bottom-right:0px;--awb-border-radius-bottom-left:0px;--awb-flex-wrap:wrap;\" ><div class=\"fusion-builder-row fusion-row fusion-flex-align-items-flex-start fusion-flex-content-wrap\" style=\"max-width:1248px;margin-left: calc(-4% \/ 2 );margin-right: calc(-4% \/ 2 );\"><div class=\"fusion-layout-column fusion_builder_column fusion-builder-column-5 fusion_builder_column_1_1 1_1 fusion-flex-column\" style=\"--awb-bg-size:cover;--awb-width-large:100%;--awb-flex-grow:0;--awb-flex-shrink:0;--awb-margin-top-large:0px;--awb-spacing-right-large:1.92%;--awb-margin-bottom-large:20px;--awb-spacing-left-large:1.92%;--awb-width-medium:100%;--awb-order-medium:0;--awb-flex-grow-medium:0;--awb-flex-shrink-medium:0;--awb-spacing-right-medium:1.92%;--awb-spacing-left-medium:1.92%;--awb-width-small:100%;--awb-order-small:0;--awb-flex-grow-small:0;--awb-flex-shrink-small:0;--awb-spacing-right-small:1.92%;--awb-spacing-left-small:1.92%;\"><div class=\"fusion-column-wrapper fusion-column-has-shadow fusion-flex-justify-content-flex-start fusion-content-layout-column\"><div class=\"fusion-text fusion-text-6\"><p style=\"text-align: center;\"><em><strong>Toutes les offres exp\u00e9rientielles et les forfaits touristiques pr\u00e9sent\u00e9s sur cette page adh\u00e8rent \u00e0 l&#8217;initiative \u00ab Sicilia d&#8217;Inverno \u00bb (Sicile en hiver) et peuvent \u00eatre achet\u00e9s exclusivement aupr\u00e8s des voyagistes participants, seuls responsables de l&#8217;organisation et de la bonne ex\u00e9cution des services propos\u00e9s. Les informations fournies sont directement communiqu\u00e9es par le promoteur, qui en garantit l&#8217;exhaustivit\u00e9, l&#8217;exactitude et la conformit\u00e9 avec la r\u00e9glementation en vigueur.<\/strong><\/em><\/p>\n<\/div><\/div><\/div><\/div><\/div><\/p>\n","protected":false},"excerpt":{"rendered":"","protected":false},"author":33,"featured_media":0,"parent":0,"menu_order":0,"comment_status":"closed","ping_status":"closed","template":"100-width.php","meta":{"_acf_changed":false,"footnotes":""},"class_list":["post-91415","page","type-page","status-publish","hentry"],"acf":[],"yoast_head":"<!-- This site is optimized with the Yoast SEO plugin v27.2 - https:\/\/yoast.com\/product\/yoast-seo-wordpress\/ -->\n<title>La Sicile en hiver - Visit Sicily<\/title>\n<meta name=\"description\" content=\"La Sicile en hiver. D\u00e9couvrez la magie de l\u2019hiver en Sicile!\" \/>\n<meta name=\"robots\" content=\"index, follow, max-snippet:-1, max-image-preview:large, max-video-preview:-1\" \/>\n<link rel=\"canonical\" href=\"https:\/\/www.visitsicily.info\/fr\/sicilia-d-inverno\/\" \/>\n<meta property=\"og:locale\" content=\"fr_FR\" \/>\n<meta property=\"og:type\" content=\"article\" \/>\n<meta property=\"og:title\" content=\"La Sicile en hiver - Visit Sicily\" \/>\n<meta property=\"og:description\" content=\"La Sicile en hiver. D\u00e9couvrez la magie de l\u2019hiver en Sicile!\" \/>\n<meta property=\"og:url\" content=\"https:\/\/www.visitsicily.info\/fr\/sicilia-d-inverno\/\" \/>\n<meta property=\"og:site_name\" content=\"Visit Sicily\" \/>\n<meta property=\"article:publisher\" content=\"https:\/\/www.facebook.com\/visitsicily.info\/\" \/>\n<meta property=\"article:modified_time\" content=\"2025-10-03T10:25:08+00:00\" \/>\n<meta property=\"og:image\" content=\"https:\/\/www.visitsicily.info\/wp-content\/uploads\/2021\/12\/Schermata-2021-12-06-alle-14.51.18-1024x603.png\" \/>\n\t<meta property=\"og:image:width\" content=\"1024\" \/>\n\t<meta property=\"og:image:height\" content=\"603\" \/>\n\t<meta property=\"og:image:type\" content=\"image\/png\" \/>\n<meta name=\"twitter:card\" content=\"summary_large_image\" \/>\n<meta name=\"twitter:site\" content=\"@VisitSicilyOP\" \/>\n<meta name=\"twitter:label1\" content=\"Dur\u00e9e de lecture estim\u00e9e\" \/>\n\t<meta name=\"twitter:data1\" content=\"2 minutes\" \/>\n<script type=\"application\/ld+json\" class=\"yoast-schema-graph\">{\"@context\":\"https:\/\/schema.org\",\"@graph\":[{\"@type\":\"WebPage\",\"@id\":\"https:\/\/www.visitsicily.info\/fr\/sicilia-d-inverno\/\",\"url\":\"https:\/\/www.visitsicily.info\/fr\/sicilia-d-inverno\/\",\"name\":\"La Sicile en hiver - Visit Sicily\",\"isPartOf\":{\"@id\":\"https:\/\/www.visitsicily.info\/fr\/#website\"},\"datePublished\":\"2025-02-03T15:19:57+00:00\",\"dateModified\":\"2025-10-03T10:25:08+00:00\",\"description\":\"La Sicile en hiver. D\u00e9couvrez la magie de l\u2019hiver en Sicile!\",\"breadcrumb\":{\"@id\":\"https:\/\/www.visitsicily.info\/fr\/sicilia-d-inverno\/#breadcrumb\"},\"inLanguage\":\"fr-FR\",\"potentialAction\":[{\"@type\":\"ReadAction\",\"target\":[\"https:\/\/www.visitsicily.info\/fr\/sicilia-d-inverno\/\"]}]},{\"@type\":\"BreadcrumbList\",\"@id\":\"https:\/\/www.visitsicily.info\/fr\/sicilia-d-inverno\/#breadcrumb\",\"itemListElement\":[{\"@type\":\"ListItem\",\"position\":1,\"name\":\"Home\",\"item\":\"https:\/\/www.visitsicily.info\/fr\/\"},{\"@type\":\"ListItem\",\"position\":2,\"name\":\"sicilia d&#8217;inverno-hp\"}]},{\"@type\":\"WebSite\",\"@id\":\"https:\/\/www.visitsicily.info\/fr\/#website\",\"url\":\"https:\/\/www.visitsicily.info\/fr\/\",\"name\":\"Visit Sicily\",\"description\":\"Island of art\",\"publisher\":{\"@id\":\"https:\/\/www.visitsicily.info\/fr\/#organization\"},\"potentialAction\":[{\"@type\":\"SearchAction\",\"target\":{\"@type\":\"EntryPoint\",\"urlTemplate\":\"https:\/\/www.visitsicily.info\/fr\/?s={search_term_string}\"},\"query-input\":{\"@type\":\"PropertyValueSpecification\",\"valueRequired\":true,\"valueName\":\"search_term_string\"}}],\"inLanguage\":\"fr-FR\"},{\"@type\":\"Organization\",\"@id\":\"https:\/\/www.visitsicily.info\/fr\/#organization\",\"name\":\"Regione Siciliana\",\"url\":\"https:\/\/www.visitsicily.info\/fr\/\",\"logo\":{\"@type\":\"ImageObject\",\"inLanguage\":\"fr-FR\",\"@id\":\"https:\/\/www.visitsicily.info\/fr\/#\/schema\/logo\/image\/\",\"url\":\"https:\/\/www.visitsicily.info\/wp-content\/uploads\/2021\/05\/regione-siciliana-logo2.png\",\"contentUrl\":\"https:\/\/www.visitsicily.info\/wp-content\/uploads\/2021\/05\/regione-siciliana-logo2.png\",\"width\":200,\"height\":200,\"caption\":\"Regione Siciliana\"},\"image\":{\"@id\":\"https:\/\/www.visitsicily.info\/fr\/#\/schema\/logo\/image\/\"},\"sameAs\":[\"https:\/\/www.facebook.com\/visitsicily.info\/\",\"https:\/\/x.com\/VisitSicilyOP\",\"https:\/\/www.instagram.com\/ig_visitsicily\/\",\"https:\/\/www.pinterest.com\/visitsicilyOP\/followers\/\",\"https:\/\/www.youtube.com\/user\/siciliaturismo\"]}]}<\/script>\n<!-- \/ Yoast SEO plugin. -->","yoast_head_json":{"title":"La Sicile en hiver - Visit Sicily","description":"La Sicile en hiver. D\u00e9couvrez la magie de l\u2019hiver en Sicile!","robots":{"index":"index","follow":"follow","max-snippet":"max-snippet:-1","max-image-preview":"max-image-preview:large","max-video-preview":"max-video-preview:-1"},"canonical":"https:\/\/www.visitsicily.info\/fr\/sicilia-d-inverno\/","og_locale":"fr_FR","og_type":"article","og_title":"La Sicile en hiver - Visit Sicily","og_description":"La Sicile en hiver. D\u00e9couvrez la magie de l\u2019hiver en Sicile!","og_url":"https:\/\/www.visitsicily.info\/fr\/sicilia-d-inverno\/","og_site_name":"Visit Sicily","article_publisher":"https:\/\/www.facebook.com\/visitsicily.info\/","article_modified_time":"2025-10-03T10:25:08+00:00","og_image":[{"width":1024,"height":603,"url":"https:\/\/www.visitsicily.info\/wp-content\/uploads\/2021\/12\/Schermata-2021-12-06-alle-14.51.18-1024x603.png","type":"image\/png"}],"twitter_card":"summary_large_image","twitter_site":"@VisitSicilyOP","twitter_misc":{"Dur\u00e9e de lecture estim\u00e9e":"2 minutes"},"schema":{"@context":"https:\/\/schema.org","@graph":[{"@type":"WebPage","@id":"https:\/\/www.visitsicily.info\/fr\/sicilia-d-inverno\/","url":"https:\/\/www.visitsicily.info\/fr\/sicilia-d-inverno\/","name":"La Sicile en hiver - Visit Sicily","isPartOf":{"@id":"https:\/\/www.visitsicily.info\/fr\/#website"},"datePublished":"2025-02-03T15:19:57+00:00","dateModified":"2025-10-03T10:25:08+00:00","description":"La Sicile en hiver. D\u00e9couvrez la magie de l\u2019hiver en Sicile!","breadcrumb":{"@id":"https:\/\/www.visitsicily.info\/fr\/sicilia-d-inverno\/#breadcrumb"},"inLanguage":"fr-FR","potentialAction":[{"@type":"ReadAction","target":["https:\/\/www.visitsicily.info\/fr\/sicilia-d-inverno\/"]}]},{"@type":"BreadcrumbList","@id":"https:\/\/www.visitsicily.info\/fr\/sicilia-d-inverno\/#breadcrumb","itemListElement":[{"@type":"ListItem","position":1,"name":"Home","item":"https:\/\/www.visitsicily.info\/fr\/"},{"@type":"ListItem","position":2,"name":"sicilia d&#8217;inverno-hp"}]},{"@type":"WebSite","@id":"https:\/\/www.visitsicily.info\/fr\/#website","url":"https:\/\/www.visitsicily.info\/fr\/","name":"Visit Sicily","description":"Island of art","publisher":{"@id":"https:\/\/www.visitsicily.info\/fr\/#organization"},"potentialAction":[{"@type":"SearchAction","target":{"@type":"EntryPoint","urlTemplate":"https:\/\/www.visitsicily.info\/fr\/?s={search_term_string}"},"query-input":{"@type":"PropertyValueSpecification","valueRequired":true,"valueName":"search_term_string"}}],"inLanguage":"fr-FR"},{"@type":"Organization","@id":"https:\/\/www.visitsicily.info\/fr\/#organization","name":"Regione Siciliana","url":"https:\/\/www.visitsicily.info\/fr\/","logo":{"@type":"ImageObject","inLanguage":"fr-FR","@id":"https:\/\/www.visitsicily.info\/fr\/#\/schema\/logo\/image\/","url":"https:\/\/www.visitsicily.info\/wp-content\/uploads\/2021\/05\/regione-siciliana-logo2.png","contentUrl":"https:\/\/www.visitsicily.info\/wp-content\/uploads\/2021\/05\/regione-siciliana-logo2.png","width":200,"height":200,"caption":"Regione Siciliana"},"image":{"@id":"https:\/\/www.visitsicily.info\/fr\/#\/schema\/logo\/image\/"},"sameAs":["https:\/\/www.facebook.com\/visitsicily.info\/","https:\/\/x.com\/VisitSicilyOP","https:\/\/www.instagram.com\/ig_visitsicily\/","https:\/\/www.pinterest.com\/visitsicilyOP\/followers\/","https:\/\/www.youtube.com\/user\/siciliaturismo"]}]}},"_links":{"self":[{"href":"https:\/\/www.visitsicily.info\/fr\/wp-json\/wp\/v2\/pages\/91415","targetHints":{"allow":["GET"]}}],"collection":[{"href":"https:\/\/www.visitsicily.info\/fr\/wp-json\/wp\/v2\/pages"}],"about":[{"href":"https:\/\/www.visitsicily.info\/fr\/wp-json\/wp\/v2\/types\/page"}],"author":[{"embeddable":true,"href":"https:\/\/www.visitsicily.info\/fr\/wp-json\/wp\/v2\/users\/33"}],"replies":[{"embeddable":true,"href":"https:\/\/www.visitsicily.info\/fr\/wp-json\/wp\/v2\/comments?post=91415"}],"version-history":[{"count":6,"href":"https:\/\/www.visitsicily.info\/fr\/wp-json\/wp\/v2\/pages\/91415\/revisions"}],"predecessor-version":[{"id":99007,"href":"https:\/\/www.visitsicily.info\/fr\/wp-json\/wp\/v2\/pages\/91415\/revisions\/99007"}],"wp:attachment":[{"href":"https:\/\/www.visitsicily.info\/fr\/wp-json\/wp\/v2\/media?parent=91415"}],"curies":[{"name":"wp","href":"https:\/\/api.w.org\/{rel}","templated":true}]}}