{"id":64457,"date":"2022-06-09T17:06:16","date_gmt":"2022-06-09T15:06:16","guid":{"rendered":"https:\/\/www.visitsicily.info\/informations-sanitaires\/"},"modified":"2022-06-15T11:44:52","modified_gmt":"2022-06-15T09:44:52","slug":"vacancesentoutesecurite","status":"publish","type":"page","link":"https:\/\/www.visitsicily.info\/fr\/vacancesentoutesecurite\/","title":{"rendered":"Vacances en toute s\u00e9curit\u00e9"},"content":{"rendered":"<h3><strong>Vacances en toute s\u00e9curit\u00e9 en Sicile. Voici les nouvelles r\u00e8gles pour voyager en toute s\u00e9r\u00e9nit\u00e9 !<\/strong><\/h3>\n<p>Les <strong>r\u00e8gles<\/strong> ont \u00e9t\u00e9 mises \u00e0 jour et simplifi\u00e9es pour tous les voyageurs de <strong>pays \u00e9trangers<\/strong> qui souhaitent entrer \/ rentrer en Italie.<br \/>\nPour plus d&#8217;informations sur la documentation \u00e0 pr\u00e9senter \u00e0 l&#8217;entr\u00e9e, consultez le site du <a href=\"https:\/\/www.salute.gov.it\/portale\/nuovocoronavirus\/dettaglioContenutiNuovoCoronavirus.jsp?lingua=italiano&amp;id=5411&amp;area=nuovoCoronavirus&amp;menu=vuoto&amp;tab=1\" target=\"_blank\" rel=\"noopener\"><strong>Minist\u00e8re de la Sant\u00e9<\/strong><\/a><\/p>\n<p>Vous pouvez \u00e9galement obtenir les informations n\u00e9cessaires en remplissant, de fa\u00e7on anonyme, le <a href=\"https:\/\/infocovid.viaggiaresicuri.it\/index.html\" target=\"_blank\" rel=\"noopener\"><strong>Questionnaire<\/strong><\/a> sur le site du Minist\u00e8re des Affaires \u00e9trang\u00e8res et de la Coop\u00e9ration internationale.<\/p>\n<p>Pour obtenir des <strong>informations touristiques sur les diff\u00e9rentes villes siciliennes<\/strong>, il est possible de contacter les <strong>bureaux d&#8217;information<\/strong> de la r\u00e9gion par e-mail.<\/p>\n<p>Pour des <strong>informations touristiques et des mises \u00e0 jour sur l&#8217;ensemble du territoire national<\/strong>, visitez la page du site Web de <a href=\"http:\/\/www.italia.it\/it\/info-utili-e-faq\/aggiornamenti-covid-19-informazioni-utili-per-i-turisti.html\" target=\"_blank\" rel=\"noopener\"><strong>Italia.it Agenzia Nazionale Turismo<\/strong><\/a>.<\/p>\n","protected":false},"excerpt":{"rendered":"<p>Vacances en toute s\u00e9curit\u00e9 en Sicile. Voici les nouvelles r\u00e8gles  [&#8230;]<\/p>\n","protected":false},"author":32,"featured_media":62549,"parent":0,"menu_order":0,"comment_status":"closed","ping_status":"closed","template":"100-width.php","meta":{"_acf_changed":false,"footnotes":""},"class_list":["post-64457","page","type-page","status-publish","has-post-thumbnail","hentry"],"acf":[],"yoast_head":"<!-- This site is optimized with the Yoast SEO plugin v27.2 - https:\/\/yoast.com\/product\/yoast-seo-wordpress\/ -->\n<title>Vacances en toute s\u00e9curit\u00e9 - Visit Sicily<\/title>\n<meta name=\"description\" content=\"Vacances en toute s\u00e9curit\u00e9 en Sicile. Voici les nouvelles r\u00e8gles pour voyager en toute s\u00e9r\u00e9nit\u00e9 !\" \/>\n<meta name=\"robots\" content=\"index, follow, max-snippet:-1, max-image-preview:large, max-video-preview:-1\" \/>\n<link rel=\"canonical\" href=\"https:\/\/www.visitsicily.info\/fr\/vacancesentoutesecurite\/\" \/>\n<meta property=\"og:locale\" content=\"fr_FR\" \/>\n<meta property=\"og:type\" content=\"article\" \/>\n<meta property=\"og:title\" content=\"Vacances en toute s\u00e9curit\u00e9 - Visit Sicily\" \/>\n<meta property=\"og:description\" content=\"Vacances en toute s\u00e9curit\u00e9 en Sicile. Voici les nouvelles r\u00e8gles pour voyager en toute s\u00e9r\u00e9nit\u00e9 !\" \/>\n<meta property=\"og:url\" content=\"https:\/\/www.visitsicily.info\/fr\/vacancesentoutesecurite\/\" \/>\n<meta property=\"og:site_name\" content=\"Visit Sicily\" \/>\n<meta property=\"article:publisher\" content=\"https:\/\/www.facebook.com\/visitsicily.info\/\" \/>\n<meta property=\"article:modified_time\" content=\"2022-06-15T09:44:52+00:00\" \/>\n<meta property=\"og:image\" content=\"https:\/\/www.visitsicily.info\/wp-content\/uploads\/2022\/04\/Isulidda-cut.jpg\" \/>\n\t<meta property=\"og:image:width\" content=\"1902\" \/>\n\t<meta property=\"og:image:height\" content=\"656\" \/>\n\t<meta property=\"og:image:type\" content=\"image\/jpeg\" \/>\n<meta name=\"twitter:card\" content=\"summary_large_image\" \/>\n<meta name=\"twitter:site\" content=\"@VisitSicilyOP\" \/>\n<meta name=\"twitter:label1\" content=\"Dur\u00e9e de lecture estim\u00e9e\" \/>\n\t<meta name=\"twitter:data1\" content=\"1 minute\" \/>\n<script type=\"application\/ld+json\" class=\"yoast-schema-graph\">{\"@context\":\"https:\/\/schema.org\",\"@graph\":[{\"@type\":\"WebPage\",\"@id\":\"https:\/\/www.visitsicily.info\/fr\/vacancesentoutesecurite\/\",\"url\":\"https:\/\/www.visitsicily.info\/fr\/vacancesentoutesecurite\/\",\"name\":\"Vacances en toute s\u00e9curit\u00e9 - Visit Sicily\",\"isPartOf\":{\"@id\":\"https:\/\/www.visitsicily.info\/fr\/#website\"},\"primaryImageOfPage\":{\"@id\":\"https:\/\/www.visitsicily.info\/fr\/vacancesentoutesecurite\/#primaryimage\"},\"image\":{\"@id\":\"https:\/\/www.visitsicily.info\/fr\/vacancesentoutesecurite\/#primaryimage\"},\"thumbnailUrl\":\"https:\/\/www.visitsicily.info\/wp-content\/uploads\/2022\/04\/Isulidda-cut.jpg\",\"datePublished\":\"2022-06-09T15:06:16+00:00\",\"dateModified\":\"2022-06-15T09:44:52+00:00\",\"description\":\"Vacances en toute s\u00e9curit\u00e9 en Sicile. Voici les nouvelles r\u00e8gles pour voyager en toute s\u00e9r\u00e9nit\u00e9 !\",\"breadcrumb\":{\"@id\":\"https:\/\/www.visitsicily.info\/fr\/vacancesentoutesecurite\/#breadcrumb\"},\"inLanguage\":\"fr-FR\",\"potentialAction\":[{\"@type\":\"ReadAction\",\"target\":[\"https:\/\/www.visitsicily.info\/fr\/vacancesentoutesecurite\/\"]}]},{\"@type\":\"ImageObject\",\"inLanguage\":\"fr-FR\",\"@id\":\"https:\/\/www.visitsicily.info\/fr\/vacancesentoutesecurite\/#primaryimage\",\"url\":\"https:\/\/www.visitsicily.info\/wp-content\/uploads\/2022\/04\/Isulidda-cut.jpg\",\"contentUrl\":\"https:\/\/www.visitsicily.info\/wp-content\/uploads\/2022\/04\/Isulidda-cut.jpg\",\"width\":1902,\"height\":656,\"caption\":\"\u00a9Regione Sicilia\"},{\"@type\":\"BreadcrumbList\",\"@id\":\"https:\/\/www.visitsicily.info\/fr\/vacancesentoutesecurite\/#breadcrumb\",\"itemListElement\":[{\"@type\":\"ListItem\",\"position\":1,\"name\":\"Home\",\"item\":\"https:\/\/www.visitsicily.info\/fr\/\"},{\"@type\":\"ListItem\",\"position\":2,\"name\":\"Vacances en toute s\u00e9curit\u00e9\"}]},{\"@type\":\"WebSite\",\"@id\":\"https:\/\/www.visitsicily.info\/fr\/#website\",\"url\":\"https:\/\/www.visitsicily.info\/fr\/\",\"name\":\"Visit Sicily\",\"description\":\"Island of art\",\"publisher\":{\"@id\":\"https:\/\/www.visitsicily.info\/fr\/#organization\"},\"potentialAction\":[{\"@type\":\"SearchAction\",\"target\":{\"@type\":\"EntryPoint\",\"urlTemplate\":\"https:\/\/www.visitsicily.info\/fr\/?s={search_term_string}\"},\"query-input\":{\"@type\":\"PropertyValueSpecification\",\"valueRequired\":true,\"valueName\":\"search_term_string\"}}],\"inLanguage\":\"fr-FR\"},{\"@type\":\"Organization\",\"@id\":\"https:\/\/www.visitsicily.info\/fr\/#organization\",\"name\":\"Regione Siciliana\",\"url\":\"https:\/\/www.visitsicily.info\/fr\/\",\"logo\":{\"@type\":\"ImageObject\",\"inLanguage\":\"fr-FR\",\"@id\":\"https:\/\/www.visitsicily.info\/fr\/#\/schema\/logo\/image\/\",\"url\":\"https:\/\/www.visitsicily.info\/wp-content\/uploads\/2021\/05\/regione-siciliana-logo2.png\",\"contentUrl\":\"https:\/\/www.visitsicily.info\/wp-content\/uploads\/2021\/05\/regione-siciliana-logo2.png\",\"width\":200,\"height\":200,\"caption\":\"Regione Siciliana\"},\"image\":{\"@id\":\"https:\/\/www.visitsicily.info\/fr\/#\/schema\/logo\/image\/\"},\"sameAs\":[\"https:\/\/www.facebook.com\/visitsicily.info\/\",\"https:\/\/x.com\/VisitSicilyOP\",\"https:\/\/www.instagram.com\/ig_visitsicily\/\",\"https:\/\/www.pinterest.com\/visitsicilyOP\/followers\/\",\"https:\/\/www.youtube.com\/user\/siciliaturismo\"]}]}<\/script>\n<!-- \/ Yoast SEO plugin. -->","yoast_head_json":{"title":"Vacances en toute s\u00e9curit\u00e9 - Visit Sicily","description":"Vacances en toute s\u00e9curit\u00e9 en Sicile. Voici les nouvelles r\u00e8gles pour voyager en toute s\u00e9r\u00e9nit\u00e9 !","robots":{"index":"index","follow":"follow","max-snippet":"max-snippet:-1","max-image-preview":"max-image-preview:large","max-video-preview":"max-video-preview:-1"},"canonical":"https:\/\/www.visitsicily.info\/fr\/vacancesentoutesecurite\/","og_locale":"fr_FR","og_type":"article","og_title":"Vacances en toute s\u00e9curit\u00e9 - Visit Sicily","og_description":"Vacances en toute s\u00e9curit\u00e9 en Sicile. Voici les nouvelles r\u00e8gles pour voyager en toute s\u00e9r\u00e9nit\u00e9 !","og_url":"https:\/\/www.visitsicily.info\/fr\/vacancesentoutesecurite\/","og_site_name":"Visit Sicily","article_publisher":"https:\/\/www.facebook.com\/visitsicily.info\/","article_modified_time":"2022-06-15T09:44:52+00:00","og_image":[{"width":1902,"height":656,"url":"https:\/\/www.visitsicily.info\/wp-content\/uploads\/2022\/04\/Isulidda-cut.jpg","type":"image\/jpeg"}],"twitter_card":"summary_large_image","twitter_site":"@VisitSicilyOP","twitter_misc":{"Dur\u00e9e de lecture estim\u00e9e":"1 minute"},"schema":{"@context":"https:\/\/schema.org","@graph":[{"@type":"WebPage","@id":"https:\/\/www.visitsicily.info\/fr\/vacancesentoutesecurite\/","url":"https:\/\/www.visitsicily.info\/fr\/vacancesentoutesecurite\/","name":"Vacances en toute s\u00e9curit\u00e9 - Visit Sicily","isPartOf":{"@id":"https:\/\/www.visitsicily.info\/fr\/#website"},"primaryImageOfPage":{"@id":"https:\/\/www.visitsicily.info\/fr\/vacancesentoutesecurite\/#primaryimage"},"image":{"@id":"https:\/\/www.visitsicily.info\/fr\/vacancesentoutesecurite\/#primaryimage"},"thumbnailUrl":"https:\/\/www.visitsicily.info\/wp-content\/uploads\/2022\/04\/Isulidda-cut.jpg","datePublished":"2022-06-09T15:06:16+00:00","dateModified":"2022-06-15T09:44:52+00:00","description":"Vacances en toute s\u00e9curit\u00e9 en Sicile. Voici les nouvelles r\u00e8gles pour voyager en toute s\u00e9r\u00e9nit\u00e9 !","breadcrumb":{"@id":"https:\/\/www.visitsicily.info\/fr\/vacancesentoutesecurite\/#breadcrumb"},"inLanguage":"fr-FR","potentialAction":[{"@type":"ReadAction","target":["https:\/\/www.visitsicily.info\/fr\/vacancesentoutesecurite\/"]}]},{"@type":"ImageObject","inLanguage":"fr-FR","@id":"https:\/\/www.visitsicily.info\/fr\/vacancesentoutesecurite\/#primaryimage","url":"https:\/\/www.visitsicily.info\/wp-content\/uploads\/2022\/04\/Isulidda-cut.jpg","contentUrl":"https:\/\/www.visitsicily.info\/wp-content\/uploads\/2022\/04\/Isulidda-cut.jpg","width":1902,"height":656,"caption":"\u00a9Regione Sicilia"},{"@type":"BreadcrumbList","@id":"https:\/\/www.visitsicily.info\/fr\/vacancesentoutesecurite\/#breadcrumb","itemListElement":[{"@type":"ListItem","position":1,"name":"Home","item":"https:\/\/www.visitsicily.info\/fr\/"},{"@type":"ListItem","position":2,"name":"Vacances en toute s\u00e9curit\u00e9"}]},{"@type":"WebSite","@id":"https:\/\/www.visitsicily.info\/fr\/#website","url":"https:\/\/www.visitsicily.info\/fr\/","name":"Visit Sicily","description":"Island of art","publisher":{"@id":"https:\/\/www.visitsicily.info\/fr\/#organization"},"potentialAction":[{"@type":"SearchAction","target":{"@type":"EntryPoint","urlTemplate":"https:\/\/www.visitsicily.info\/fr\/?s={search_term_string}"},"query-input":{"@type":"PropertyValueSpecification","valueRequired":true,"valueName":"search_term_string"}}],"inLanguage":"fr-FR"},{"@type":"Organization","@id":"https:\/\/www.visitsicily.info\/fr\/#organization","name":"Regione Siciliana","url":"https:\/\/www.visitsicily.info\/fr\/","logo":{"@type":"ImageObject","inLanguage":"fr-FR","@id":"https:\/\/www.visitsicily.info\/fr\/#\/schema\/logo\/image\/","url":"https:\/\/www.visitsicily.info\/wp-content\/uploads\/2021\/05\/regione-siciliana-logo2.png","contentUrl":"https:\/\/www.visitsicily.info\/wp-content\/uploads\/2021\/05\/regione-siciliana-logo2.png","width":200,"height":200,"caption":"Regione Siciliana"},"image":{"@id":"https:\/\/www.visitsicily.info\/fr\/#\/schema\/logo\/image\/"},"sameAs":["https:\/\/www.facebook.com\/visitsicily.info\/","https:\/\/x.com\/VisitSicilyOP","https:\/\/www.instagram.com\/ig_visitsicily\/","https:\/\/www.pinterest.com\/visitsicilyOP\/followers\/","https:\/\/www.youtube.com\/user\/siciliaturismo"]}]}},"_links":{"self":[{"href":"https:\/\/www.visitsicily.info\/fr\/wp-json\/wp\/v2\/pages\/64457","targetHints":{"allow":["GET"]}}],"collection":[{"href":"https:\/\/www.visitsicily.info\/fr\/wp-json\/wp\/v2\/pages"}],"about":[{"href":"https:\/\/www.visitsicily.info\/fr\/wp-json\/wp\/v2\/types\/page"}],"author":[{"embeddable":true,"href":"https:\/\/www.visitsicily.info\/fr\/wp-json\/wp\/v2\/users\/32"}],"replies":[{"embeddable":true,"href":"https:\/\/www.visitsicily.info\/fr\/wp-json\/wp\/v2\/comments?post=64457"}],"version-history":[{"count":4,"href":"https:\/\/www.visitsicily.info\/fr\/wp-json\/wp\/v2\/pages\/64457\/revisions"}],"predecessor-version":[{"id":64782,"href":"https:\/\/www.visitsicily.info\/fr\/wp-json\/wp\/v2\/pages\/64457\/revisions\/64782"}],"wp:featuredmedia":[{"embeddable":true,"href":"https:\/\/www.visitsicily.info\/fr\/wp-json\/wp\/v2\/media\/62549"}],"wp:attachment":[{"href":"https:\/\/www.visitsicily.info\/fr\/wp-json\/wp\/v2\/media?parent=64457"}],"curies":[{"name":"wp","href":"https:\/\/api.w.org\/{rel}","templated":true}]}}