{"id":46432,"date":"2021-12-06T14:26:32","date_gmt":"2021-12-06T13:26:32","guid":{"rendered":"https:\/\/www.visitsicily.info\/?page_id=46432"},"modified":"2025-10-21T11:00:56","modified_gmt":"2025-10-21T09:00:56","slug":"informativa-privacy-e-cookie-policy","status":"publish","type":"page","link":"https:\/\/www.visitsicily.info\/fr\/informativa-privacy-e-cookie-policy\/","title":{"rendered":"Politique de confidentialit\u00e9 et politique de cookies"},"content":{"rendered":"<div class=\"fusion-fullwidth fullwidth-box fusion-builder-row-1 fusion-flex-container nonhundred-percent-fullwidth non-hundred-percent-height-scrolling\" style=\"--awb-border-radius-top-left:0px;--awb-border-radius-top-right:0px;--awb-border-radius-bottom-right:0px;--awb-border-radius-bottom-left:0px;--awb-flex-wrap:wrap;\" ><div class=\"fusion-builder-row fusion-row fusion-flex-align-items-flex-start fusion-flex-content-wrap\" style=\"max-width:1248px;margin-left: calc(-4% \/ 2 );margin-right: calc(-4% \/ 2 );\"><div class=\"fusion-layout-column fusion_builder_column fusion-builder-column-0 fusion_builder_column_1_1 1_1 fusion-flex-column\" style=\"--awb-bg-size:cover;--awb-width-large:100%;--awb-margin-top-large:0px;--awb-spacing-right-large:1.92%;--awb-margin-bottom-large:0px;--awb-spacing-left-large:1.92%;--awb-width-medium:100%;--awb-spacing-right-medium:1.92%;--awb-spacing-left-medium:1.92%;--awb-width-small:100%;--awb-spacing-right-small:1.92%;--awb-spacing-left-small:1.92%;\"><div class=\"fusion-column-wrapper fusion-flex-justify-content-flex-start fusion-content-layout-column\"><div class=\"fusion-text fusion-text-1\" style=\"--awb-content-alignment:justify;--awb-font-size:20px;--awb-text-transform:none;--awb-text-font-family:&quot;Poppins&quot;;--awb-text-font-style:normal;--awb-text-font-weight:400;\"><ol>\n<li>\n<h3><strong> Traitement des donn\u00e9es personnelles auquel ces informations se r\u00e9f\u00e8rent <\/strong><\/h3>\n<\/li>\n<\/ol>\n<p style=\"padding-left: 40px;\">Ces informations sont fournies &#8211; conform\u00e9ment \u00e0 l&#8217;art. 13 du R\u00e8glement UE n. 2016\/679 aux utilisateurs qui, en se rendant sur le site <em>visitsicily.info, <\/em> joignable \u00e0 l&#8217;adresse <a href=\"https:\/\/www.visitsicily.info\/\">https:\/\/www.visitsicily.info\/<\/a><a href=\"https:\/\/www.visitsicily.info\/\">\u00a0<\/a>, fournissent leurs donn\u00e9es personnelles explicitement ou simplement en naviguant. La validit\u00e9 des informations contenues dans cette page ne s&#8217;\u00e9tend pas aux autres sites Internet pouvant \u00eatre consult\u00e9s par un lien hypertexte pr\u00e9sent sur le site.<\/p>\n<p style=\"padding-left: 40px;\">Les utilisateurs, utilisant le site via un terminal (ordinateur, tablette, smartphone, etc.), acceptent ces informations sur le traitement des donn\u00e9es personnelles et sont donc invit\u00e9s \u00e0 les lire int\u00e9gralement avant fournir des informations personnelles de toute nature.<\/p>\n<p style=\"padding-left: 40px;\">Le traitement est bas\u00e9 sur les principes d&#8217;exactitude, de l\u00e9galit\u00e9, de pertinence et de transparence et de protection de la vie priv\u00e9e et des droits de la personne concern\u00e9e conform\u00e9ment \u00e0 la loi.<\/p>\n<ol start=\"2\">\n<li>\n<h3><strong> Sujets impliqu\u00e9s dans le traitement des donn\u00e9es <\/strong><\/h3>\n<\/li>\n<\/ol>\n<p style=\"padding-left: 40px;\">Le responsable du traitement est la R\u00e9gion sicilienne &#8211; D\u00e9partement du tourisme, du sport et du divertissement, repr\u00e9sent\u00e9e par le conseiller pro-tempore, avec adresse \u00e0 Palerme, via Notarbartolo, n. 9, e-mail : assessore.turismo@regione.sicilia.it, pec: assessorato.turismo@certmail.regione.sicilia.it, t\u00e9l\u00e9phone 0917078170.<\/p>\n<p style=\"padding-left: 40px;\">Le responsable du traitement est le minist\u00e8re du Tourisme, des Sports et du Divertissement, repr\u00e9sent\u00e9 par le directeur g\u00e9n\u00e9ral int\u00e9rimaire avec adresse \u00e0 Palerme, via Emanuele Notarbartolo n. 9, e-mail : direzione.turismo@regione.sicilia.it, e-mail certifi\u00e9 : department.turismo@certmail.regione.sicilia.it, t\u00e9l\u00e9phone 0917078093.<\/p>\n<p style=\"padding-left: 40px;\">Pour le compte du Responsable du traitement et du Responsable, le traitement est \u00e9galement effectu\u00e9 par le sous-responsable du traitement, repr\u00e9sent\u00e9 par le Responsable pro-tempore du Service 1 &#8211; Communication du D\u00e9partement du Tourisme, des Sports et Loisirs avec adresse \u00e0 Catane, via Beato Bernardo n. 5, e-mail : servizio1.turismo@regione.sicilia.it, t\u00e9l\u00e9phone 095\/7477415.<\/p>\n<p style=\"padding-left: 40px;\">Pour certaines t\u00e2ches purement techniques, le responsable technique, Sicilia Digitale avec adresse \u00e0 Palerme, via Thaon de Revel 18\/20, email: protocol @ siciliaeservizi intervient dans le traitement des data. it, pec: siciliaeservizi@pec.it.<\/p>\n<ol start=\"3\">\n<li>\n<h3><strong> Le d\u00e9l\u00e9gu\u00e9 \u00e0 la protection des donn\u00e9es <\/strong><\/h3>\n<\/li>\n<\/ol>\n<p style=\"padding-left: 40px;\">Les informations relatives au d\u00e9l\u00e9gu\u00e9 \u00e0 la protection des donn\u00e9es de la r\u00e9gion sicilienne sont disponibles sur la page Web https:\/\/www.regione.sicilia.it\/privacy\/responsabile-protezione-dati<\/p>\n<p style=\"padding-left: 40px;\">L&#8217;adresse e-mail est dpo@regione.sicilia.it<\/p>\n<ol start=\"4\">\n<li>\n<h3><strong> Types de donn\u00e9es trait\u00e9es et finalit\u00e9s du traitement <\/strong><\/h3>\n<\/li>\n<\/ol>\n<p style=\"padding-left: 40px;\">Les syst\u00e8mes informatiques et les proc\u00e9dures logicielles utilis\u00e9s pour faire fonctionner le site acqui\u00e8rent certaines donn\u00e9es personnelles relatives \u00e0 la navigation, dont la transmission est implicite dans l&#8217;utilisation des protocoles de communication Internet (par exemple, le Adresse IP ou noms de domaine des appareils via lesquels les visiteurs se connectent au site, les adresses de notation URI &#8211; des ressources demand\u00e9es, les journaux syst\u00e8me, l&#8217;ID ou l&#8217;identifiant unique de l&#8217;appareil, le type d&#8217;appareil).<\/p>\n<p style=\"padding-left: 40px;\">Ces informations ne sont pas collect\u00e9es pour \u00eatre associ\u00e9es \u00e0 des int\u00e9ress\u00e9s identifi\u00e9s, mais dans le seul but d&#8217;obtenir des informations statistiques anonymes sur l&#8217;utilisation du site et de v\u00e9rifier son bon fonctionnement.<\/p>\n<p style=\"padding-left: 40px;\">En visitant les pages de ce site, l&#8217;utilisateur exprime son consentement libre et explicite \u00e0 ce que les donn\u00e9es techniques susvis\u00e9es soient utilis\u00e9es dans le seul but d&#8217;utiliser le service et soient communiqu\u00e9es \u00e0 des tiers uniquement lorsque cela est autoris\u00e9 par la loi.<\/p>\n<p style=\"padding-left: 40px;\">En aucun cas les donn\u00e9es collect\u00e9es ne seront utilis\u00e9es pour effectuer le profilage de l&#8217;utilisateur.<\/p>\n<p style=\"padding-left: 40px;\">Via le site, il est possible d&#8217;envoyer des demandes et des communications aux adresses de contact qui y sont indiqu\u00e9es. Les donn\u00e9es saisies par l&#8217;utilisateur dans les formulaires seront utilis\u00e9es pour r\u00e9pondre \u00e0 ses demandes et pour envoyer ce qui lui est demand\u00e9. L&#8217;utilisateur qui compl\u00e8te une demande accepte que les donn\u00e9es personnelles strictement n\u00e9cessaires \u00e0 l&#8217;envoi d&#8217;une r\u00e9ponse soient trait\u00e9es. Les donn\u00e9es saisies dans les formulaires et dans les emails envoy\u00e9s aux adresses publi\u00e9es sur le site ne seront conserv\u00e9es que le temps n\u00e9cessaire au traitement des demandes re\u00e7ues.<\/p>\n<p style=\"padding-left: 40px;\">En plus de ces donn\u00e9es, les donn\u00e9es personnelles relatives aux logs des utilisateurs enregistr\u00e9s autoris\u00e9s \u00e0 acc\u00e9der \u00e0 la section ZONE R\u00c9SERV\u00c9E du site sont \u00e9galement trait\u00e9es. La section a les objectifs suivants : Gestion du contenu textuel et modification des \u00e9l\u00e9ments de conception et de la structure du site. Le tracking sert \u00e0 am\u00e9liorer l&#8217;activit\u00e9 d&#8217;accompagnement des utilisateurs de l&#8217;\u00e9quipe \u00e9ditoriale, les seuls \u00e0 disposer de <em>. <\/em> Les donn\u00e9es personnelles fournies par les utilisateurs qui y acc\u00e8dent sont collect\u00e9es sur les serveurs du CED de Sicilia Digitale et sont stock\u00e9 de mani\u00e8re compatible avec l&#8217;objectif de la section.<\/p>\n<p style=\"padding-left: 40px;\">Le site utilise des cookies qui sont de petits fichiers texte qu&#8217;il envoie \u00e0 l&#8217;appareil de l&#8217;utilisateur, contenant des informations sur la navigation, et qui sont stock\u00e9s dans l&#8217;appareil lui-m\u00eame, pour \u00eatre ensuite retransmis au site \u00e0 votre demande.<\/p>\n<p style=\"padding-left: 40px;\">En particulier, le site utilise des cookies qui contiennent un ou plusieurs identifiants n\u00e9cessaires pour permettre une consultation s\u00fbre et efficace du site et qui ne sont pas stock\u00e9s de mani\u00e8re permanente sur l&#8217;appareil de l&#8217;utilisateur car supprim\u00e9s lorsque le le navigateur est ferm\u00e9.<\/p>\n<p style=\"padding-left: 40px;\">Par ailleurs, le site utilise des cookies de longue dur\u00e9e visant exclusivement \u00e0 reconna\u00eetre, pour une dur\u00e9e limit\u00e9e, l&#8217;appareil de l&#8217;utilisateur &#8211; via un code alphanum\u00e9rique g\u00e9n\u00e9r\u00e9 lors de la premi\u00e8re session d&#8217;acc\u00e8s. Leur d\u00e9sactivation ne compromet que l&#8217;utilisation des services accessibles par les utilisateurs enregistr\u00e9s. La partie publique du site est normalement utilisable.<\/p>\n<p style=\"padding-left: 40px;\">L&#8217;utilisateur a la possibilit\u00e9 de configurer le navigateur sur son appareil afin de :<\/p>\n<ol>\n<li style=\"list-style-type: none;\">\n<ol>\n<li>accepter tous les cookies,<\/li>\n<li>recevoir des notifications lorsqu&#8217;un cookie est envoy\u00e9,<\/li>\n<li>ne recevez pas du tout de cookies.<\/li>\n<\/ol>\n<\/li>\n<\/ol>\n<p style=\"padding-left: 40px;\">Pour la gestion, l&#8217;activation et la d\u00e9sactivation des cookies, l&#8217;utilisateur doit configurer le navigateur utilis\u00e9 en fonction de ses choix.<\/p>\n<p style=\"padding-left: 40px;\">Le site n&#8217;est pas cens\u00e9 utiliser des cookies \u00e0 des fins autres que la consultation du site.<\/p>\n<p style=\"padding-left: 40px;\">En visitant ce site, vous pouvez \u00e9galement recevoir des <em> cookies <\/em> de sites g\u00e9r\u00e9s par d&#8217;autres organisations. La gestion des informations collect\u00e9es par ces sujets est r\u00e9gie par les informations pertinentes qui se r\u00e9f\u00e8rent aux adresses figurant dans le tableau d\u00e9taill\u00e9 des cookies. La d\u00e9sactivation de ces <em> cookies <\/em> ne pr\u00e9juge en rien de la consultation du site.<\/p>\n<p style=\"padding-left: 40px;\">Le site utilise des cookies de suivi des utilisateurs pour la promotion du tourisme en Sicile sur la plate-forme Facebook (Pixel facebook) et d&#8217;autres outils publicitaires visant \u00e0 analyser les donn\u00e9es pour v\u00e9rifier l&#8217;efficacit\u00e9 des campagnes publicitaires dans termes de retour d&#8217;image et de diffusion.<\/p>\n<p style=\"padding-left: 40px;\">Le site utilise des boutons sp\u00e9ciaux, appel\u00e9s <em> boutons sociaux <\/em> qui repr\u00e9sentent les ic\u00f4nes des r\u00e9seaux sociaux <a href=\"https:\/\/www.facebook.com\/help\/cookies\/ \"> Facebook <\/a>, <a href=\"https:\/\/twitter.com\/it\/privacy\"> Twitter <\/a>, <a href=\"https:\/\/policies.google.com\/technologies\/cookies?hl=it&amp;utm_source=ucb\"> YouTube <\/a>, <a href=\"https:\/\/help.instagram.com\/519522125107875\"> Instagram <\/a> et <a href=\" https:\/\/policy.pinterest.com\/it\/cookies\">Pinterest <\/a>. Ces boutons permettent aux utilisateurs qui naviguent sur le site de visiter en cliquant les r\u00e9seaux sociaux et autres sites Internet auxquels ils renvoient. Ce site ne partage aucune information de navigation avec les r\u00e9seaux sociaux ou sites susmentionn\u00e9s, alors que ces derniers sont con\u00e7us pour acqu\u00e9rir des donn\u00e9es relatives \u00e0 la visite de l&#8217;utilisateur, comme indiqu\u00e9 dans les informations respectives, qui peuvent \u00eatre consult\u00e9es sur les sites respectifs. La d\u00e9sactivation de ces cookies n&#8217;affecte en rien la consultation du site.<\/p>\n<ol start=\"5\">\n<li>\n<h3><strong> M\u00e9thodes de traitement <\/strong><\/h3>\n<\/li>\n<\/ol>\n<p style=\"padding-left: 40px;\">Les donn\u00e9es sont trait\u00e9es en relation avec la finalit\u00e9 d\u00e9crite et avec la logique qui s&#8217;y rapporte conform\u00e9ment aux principes \u00e9nonc\u00e9s \u00e0 l&#8217;article 5 du r\u00e8glement (UE) 2016\/679, afin garantir une s\u00e9curit\u00e9 ad\u00e9quate, y compris une protection contre les traitements non autoris\u00e9s ou illicites, gr\u00e2ce \u00e0 des mesures techniques et organisationnelles appropri\u00e9es.<\/p>\n<p style=\"padding-left: 40px;\">Sur la base des donn\u00e9es couvertes par cette divulgation, l&#8217;Administration ne prendra aucune d\u00e9cision par le biais d&#8217;un traitement enti\u00e8rement automatis\u00e9, et aucun profilage automatis\u00e9 ne sera effectu\u00e9.<\/p>\n<ol start=\"6\">\n<li>\n<h3><strong> Communication et diffusion des donn\u00e9es <\/strong><\/h3>\n<\/li>\n<\/ol>\n<p style=\"padding-left: 40px;\">Les donn\u00e9es collect\u00e9es lors de la navigation pourront \u00eatre trait\u00e9es aux fins vis\u00e9es dans la pr\u00e9sente notice d&#8217;information par les sujets vis\u00e9s au point 2 et par les personnes habilit\u00e9es par eux pour le traitement. &lt;\/ p&gt;<\/p>\n<p style=\"padding-left: 40px;\">Les donn\u00e9es pourront \u00eatre communiqu\u00e9es dans les cas et de la mani\u00e8re prescrits par la loi.<\/p>\n<p style=\"padding-left: 40px;\">Les donn\u00e9es ne seront pas divulgu\u00e9es \u00e0 d&#8217;autres sujets.<\/p>\n<ol start=\"7\">\n<li>\n<h3><strong> Conservation des donn\u00e9es <\/strong><\/h3>\n<\/li>\n<\/ol>\n<p style=\"padding-left: 40px;\">Les donn\u00e9es saisies sur le site ne seront conserv\u00e9es que le temps n\u00e9cessaire \u00e0 leur traitement. Si les donn\u00e9es sont utilis\u00e9es pour des \u00e9valuations de responsabilit\u00e9, l&#8217;annulation est suspendue par la loi.<\/p>\n<ol start=\"8\">\n<li>\n<h3><strong> Droits de l&#8217;int\u00e9ress\u00e9 <\/strong><\/h3>\n<\/li>\n<\/ol>\n<p style=\"padding-left: 40px;\">L&#8217;utilisateur peut exercer ses droits au titre des articles du 15 au 22 du r\u00e8glement UE 679\/2016 sur les donn\u00e9es personnelles le concernant et notamment le droit d&#8217;acc\u00e8s, de rectification, d&#8217;annulation et de portabilit\u00e9 des donn\u00e9es personnelles, le droit de demander la limitation et de s&#8217;opposer au traitement et le droit d&#8217;obtenir confirmation ou non sur l&#8217;existence d&#8217;un traitement, en envoyant une communication au Responsable du traitement \u00e0 l&#8217;une des adresses indiqu\u00e9es au point 1.<\/p>\n<p style=\"padding-left: 40px;\">L&#8217;int\u00e9ress\u00e9 peut \u00e0 tout moment d\u00e9poser une plainte aupr\u00e8s de l&#8217;Autorit\u00e9 pour la protection des donn\u00e9es personnelles, Piazza Venezia n. 11, 00187 Rome, email: protocopllo@gpdp.it, pec: protocol@pec.gpdp.it<\/p>\n<h4 style=\"padding-left: 40px;\"><strong>Date de mise \u00e0 jour : 11\/21\/2024<\/strong><\/h4>\n<h4 style=\"padding-left: 40px;\"><strong>Le responsable du traitement\u00a0:<\/strong><\/h4>\n<p style=\"padding-left: 40px;\">R\u00e9gion sicilienne<\/p>\n<p style=\"padding-left: 40px;\">Direction R\u00e9gionale du Tourisme, des Sports et des Loisirs<\/p>\n<p style=\"padding-left: 40px;\">Conseiller pro-tempore<\/p>\n<p style=\"padding-left: 40px;\">Dr. Elvira Amata<\/p>\n<\/div><div ><a class=\"fusion-button button-flat fusion-button-default-size button-default fusion-button-default button-1 fusion-button-default-span fusion-button-default-type\" target=\"_blank\" rel=\"noopener noreferrer\" href=\"https:\/\/www.visitsicily.info\/wp-content\/uploads\/2021\/09\/Cookie-Policy.pdf\"><span class=\"fusion-button-text awb-button__text awb-button__text--default\">T\u00e9l\u00e9charger la politique des cookies<\/span><\/a><\/div><\/div><\/div><\/div><\/div>\n","protected":false},"excerpt":{"rendered":"","protected":false},"author":33,"featured_media":0,"parent":0,"menu_order":0,"comment_status":"open","ping_status":"open","template":"","meta":{"_acf_changed":false,"footnotes":""},"class_list":["post-46432","page","type-page","status-publish","hentry"],"acf":[],"yoast_head":"<!-- This site is optimized with the Yoast SEO plugin v27.2 - https:\/\/yoast.com\/product\/yoast-seo-wordpress\/ -->\n<title>Politique de confidentialit\u00e9 et politique de cookies - Visit Sicily<\/title>\n<meta name=\"description\" content=\"Politique de confidentialit\u00e9 et politique de cookies\" \/>\n<meta name=\"robots\" content=\"index, follow, max-snippet:-1, max-image-preview:large, max-video-preview:-1\" \/>\n<link rel=\"canonical\" href=\"https:\/\/www.visitsicily.info\/fr\/informativa-privacy-e-cookie-policy\/\" \/>\n<meta property=\"og:locale\" content=\"fr_FR\" \/>\n<meta property=\"og:type\" content=\"article\" \/>\n<meta property=\"og:title\" content=\"Politique de confidentialit\u00e9 et politique de cookies - Visit Sicily\" \/>\n<meta property=\"og:description\" content=\"Politique de confidentialit\u00e9 et politique de cookies\" \/>\n<meta property=\"og:url\" content=\"https:\/\/www.visitsicily.info\/fr\/informativa-privacy-e-cookie-policy\/\" \/>\n<meta property=\"og:site_name\" content=\"Visit Sicily\" \/>\n<meta property=\"article:publisher\" content=\"https:\/\/www.facebook.com\/visitsicily.info\/\" \/>\n<meta property=\"article:modified_time\" content=\"2025-10-21T09:00:56+00:00\" \/>\n<meta property=\"og:image\" content=\"https:\/\/www.visitsicily.info\/wp-content\/uploads\/2021\/12\/Schermata-2021-12-06-alle-14.51.18-1024x603.png\" \/>\n\t<meta property=\"og:image:width\" content=\"1024\" \/>\n\t<meta property=\"og:image:height\" content=\"603\" \/>\n\t<meta property=\"og:image:type\" content=\"image\/png\" \/>\n<meta name=\"twitter:card\" content=\"summary_large_image\" \/>\n<meta name=\"twitter:site\" content=\"@VisitSicilyOP\" \/>\n<meta name=\"twitter:label1\" content=\"Dur\u00e9e de lecture estim\u00e9e\" \/>\n\t<meta name=\"twitter:data1\" content=\"8 minutes\" \/>\n<script type=\"application\/ld+json\" class=\"yoast-schema-graph\">{\"@context\":\"https:\/\/schema.org\",\"@graph\":[{\"@type\":\"WebPage\",\"@id\":\"https:\/\/www.visitsicily.info\/fr\/informativa-privacy-e-cookie-policy\/\",\"url\":\"https:\/\/www.visitsicily.info\/fr\/informativa-privacy-e-cookie-policy\/\",\"name\":\"Politique de confidentialit\u00e9 et politique de cookies - Visit Sicily\",\"isPartOf\":{\"@id\":\"https:\/\/www.visitsicily.info\/fr\/#website\"},\"datePublished\":\"2021-12-06T13:26:32+00:00\",\"dateModified\":\"2025-10-21T09:00:56+00:00\",\"description\":\"Politique de confidentialit\u00e9 et politique de cookies\",\"breadcrumb\":{\"@id\":\"https:\/\/www.visitsicily.info\/fr\/informativa-privacy-e-cookie-policy\/#breadcrumb\"},\"inLanguage\":\"fr-FR\",\"potentialAction\":[{\"@type\":\"ReadAction\",\"target\":[\"https:\/\/www.visitsicily.info\/fr\/informativa-privacy-e-cookie-policy\/\"]}]},{\"@type\":\"BreadcrumbList\",\"@id\":\"https:\/\/www.visitsicily.info\/fr\/informativa-privacy-e-cookie-policy\/#breadcrumb\",\"itemListElement\":[{\"@type\":\"ListItem\",\"position\":1,\"name\":\"Home\",\"item\":\"https:\/\/www.visitsicily.info\/fr\/\"},{\"@type\":\"ListItem\",\"position\":2,\"name\":\"Politique de confidentialit\u00e9 et politique de cookies\"}]},{\"@type\":\"WebSite\",\"@id\":\"https:\/\/www.visitsicily.info\/fr\/#website\",\"url\":\"https:\/\/www.visitsicily.info\/fr\/\",\"name\":\"Visit Sicily\",\"description\":\"Island of art\",\"publisher\":{\"@id\":\"https:\/\/www.visitsicily.info\/fr\/#organization\"},\"potentialAction\":[{\"@type\":\"SearchAction\",\"target\":{\"@type\":\"EntryPoint\",\"urlTemplate\":\"https:\/\/www.visitsicily.info\/fr\/?s={search_term_string}\"},\"query-input\":{\"@type\":\"PropertyValueSpecification\",\"valueRequired\":true,\"valueName\":\"search_term_string\"}}],\"inLanguage\":\"fr-FR\"},{\"@type\":\"Organization\",\"@id\":\"https:\/\/www.visitsicily.info\/fr\/#organization\",\"name\":\"Regione Siciliana\",\"url\":\"https:\/\/www.visitsicily.info\/fr\/\",\"logo\":{\"@type\":\"ImageObject\",\"inLanguage\":\"fr-FR\",\"@id\":\"https:\/\/www.visitsicily.info\/fr\/#\/schema\/logo\/image\/\",\"url\":\"https:\/\/www.visitsicily.info\/wp-content\/uploads\/2021\/05\/regione-siciliana-logo2.png\",\"contentUrl\":\"https:\/\/www.visitsicily.info\/wp-content\/uploads\/2021\/05\/regione-siciliana-logo2.png\",\"width\":200,\"height\":200,\"caption\":\"Regione Siciliana\"},\"image\":{\"@id\":\"https:\/\/www.visitsicily.info\/fr\/#\/schema\/logo\/image\/\"},\"sameAs\":[\"https:\/\/www.facebook.com\/visitsicily.info\/\",\"https:\/\/x.com\/VisitSicilyOP\",\"https:\/\/www.instagram.com\/ig_visitsicily\/\",\"https:\/\/www.pinterest.com\/visitsicilyOP\/followers\/\",\"https:\/\/www.youtube.com\/user\/siciliaturismo\"]}]}<\/script>\n<!-- \/ Yoast SEO plugin. -->","yoast_head_json":{"title":"Politique de confidentialit\u00e9 et politique de cookies - Visit Sicily","description":"Politique de confidentialit\u00e9 et politique de cookies","robots":{"index":"index","follow":"follow","max-snippet":"max-snippet:-1","max-image-preview":"max-image-preview:large","max-video-preview":"max-video-preview:-1"},"canonical":"https:\/\/www.visitsicily.info\/fr\/informativa-privacy-e-cookie-policy\/","og_locale":"fr_FR","og_type":"article","og_title":"Politique de confidentialit\u00e9 et politique de cookies - Visit Sicily","og_description":"Politique de confidentialit\u00e9 et politique de cookies","og_url":"https:\/\/www.visitsicily.info\/fr\/informativa-privacy-e-cookie-policy\/","og_site_name":"Visit Sicily","article_publisher":"https:\/\/www.facebook.com\/visitsicily.info\/","article_modified_time":"2025-10-21T09:00:56+00:00","og_image":[{"width":1024,"height":603,"url":"https:\/\/www.visitsicily.info\/wp-content\/uploads\/2021\/12\/Schermata-2021-12-06-alle-14.51.18-1024x603.png","type":"image\/png"}],"twitter_card":"summary_large_image","twitter_site":"@VisitSicilyOP","twitter_misc":{"Dur\u00e9e de lecture estim\u00e9e":"8 minutes"},"schema":{"@context":"https:\/\/schema.org","@graph":[{"@type":"WebPage","@id":"https:\/\/www.visitsicily.info\/fr\/informativa-privacy-e-cookie-policy\/","url":"https:\/\/www.visitsicily.info\/fr\/informativa-privacy-e-cookie-policy\/","name":"Politique de confidentialit\u00e9 et politique de cookies - Visit Sicily","isPartOf":{"@id":"https:\/\/www.visitsicily.info\/fr\/#website"},"datePublished":"2021-12-06T13:26:32+00:00","dateModified":"2025-10-21T09:00:56+00:00","description":"Politique de confidentialit\u00e9 et politique de cookies","breadcrumb":{"@id":"https:\/\/www.visitsicily.info\/fr\/informativa-privacy-e-cookie-policy\/#breadcrumb"},"inLanguage":"fr-FR","potentialAction":[{"@type":"ReadAction","target":["https:\/\/www.visitsicily.info\/fr\/informativa-privacy-e-cookie-policy\/"]}]},{"@type":"BreadcrumbList","@id":"https:\/\/www.visitsicily.info\/fr\/informativa-privacy-e-cookie-policy\/#breadcrumb","itemListElement":[{"@type":"ListItem","position":1,"name":"Home","item":"https:\/\/www.visitsicily.info\/fr\/"},{"@type":"ListItem","position":2,"name":"Politique de confidentialit\u00e9 et politique de cookies"}]},{"@type":"WebSite","@id":"https:\/\/www.visitsicily.info\/fr\/#website","url":"https:\/\/www.visitsicily.info\/fr\/","name":"Visit Sicily","description":"Island of art","publisher":{"@id":"https:\/\/www.visitsicily.info\/fr\/#organization"},"potentialAction":[{"@type":"SearchAction","target":{"@type":"EntryPoint","urlTemplate":"https:\/\/www.visitsicily.info\/fr\/?s={search_term_string}"},"query-input":{"@type":"PropertyValueSpecification","valueRequired":true,"valueName":"search_term_string"}}],"inLanguage":"fr-FR"},{"@type":"Organization","@id":"https:\/\/www.visitsicily.info\/fr\/#organization","name":"Regione Siciliana","url":"https:\/\/www.visitsicily.info\/fr\/","logo":{"@type":"ImageObject","inLanguage":"fr-FR","@id":"https:\/\/www.visitsicily.info\/fr\/#\/schema\/logo\/image\/","url":"https:\/\/www.visitsicily.info\/wp-content\/uploads\/2021\/05\/regione-siciliana-logo2.png","contentUrl":"https:\/\/www.visitsicily.info\/wp-content\/uploads\/2021\/05\/regione-siciliana-logo2.png","width":200,"height":200,"caption":"Regione Siciliana"},"image":{"@id":"https:\/\/www.visitsicily.info\/fr\/#\/schema\/logo\/image\/"},"sameAs":["https:\/\/www.facebook.com\/visitsicily.info\/","https:\/\/x.com\/VisitSicilyOP","https:\/\/www.instagram.com\/ig_visitsicily\/","https:\/\/www.pinterest.com\/visitsicilyOP\/followers\/","https:\/\/www.youtube.com\/user\/siciliaturismo"]}]}},"_links":{"self":[{"href":"https:\/\/www.visitsicily.info\/fr\/wp-json\/wp\/v2\/pages\/46432","targetHints":{"allow":["GET"]}}],"collection":[{"href":"https:\/\/www.visitsicily.info\/fr\/wp-json\/wp\/v2\/pages"}],"about":[{"href":"https:\/\/www.visitsicily.info\/fr\/wp-json\/wp\/v2\/types\/page"}],"author":[{"embeddable":true,"href":"https:\/\/www.visitsicily.info\/fr\/wp-json\/wp\/v2\/users\/33"}],"replies":[{"embeddable":true,"href":"https:\/\/www.visitsicily.info\/fr\/wp-json\/wp\/v2\/comments?post=46432"}],"version-history":[{"count":24,"href":"https:\/\/www.visitsicily.info\/fr\/wp-json\/wp\/v2\/pages\/46432\/revisions"}],"predecessor-version":[{"id":100177,"href":"https:\/\/www.visitsicily.info\/fr\/wp-json\/wp\/v2\/pages\/46432\/revisions\/100177"}],"wp:attachment":[{"href":"https:\/\/www.visitsicily.info\/fr\/wp-json\/wp\/v2\/media?parent=46432"}],"curies":[{"name":"wp","href":"https:\/\/api.w.org\/{rel}","templated":true}]}}