{"id":91418,"date":"2025-02-04T14:30:35","date_gmt":"2025-02-04T13:30:35","guid":{"rendered":"https:\/\/www.visitsicily.info\/?page_id=91418"},"modified":"2025-10-03T12:24:52","modified_gmt":"2025-10-03T10:24:52","slug":"sicilia-d-inverno","status":"publish","type":"page","link":"https:\/\/www.visitsicily.info\/es\/sicilia-d-inverno\/","title":{"rendered":"sicilia d&#8217;inverno-hp"},"content":{"rendered":"<p><section class=\"fusion-fullwidth fullwidth-box fusion-builder-row-1 fusion-flex-container has-pattern-background has-mask-background fusion-parallax-none hundred-percent-fullwidth non-hundred-percent-height-scrolling lazyload\" style=\"--awb-background-blend-mode:overlay;--awb-border-radius-top-left:0px;--awb-border-radius-top-right:0px;--awb-border-radius-bottom-right:0px;--awb-border-radius-bottom-left:0px;--awb-min-height:70vh;--awb-background-color:rgba(0,0,0,0.2);--awb-background-size:cover;--awb-flex-wrap:wrap;\" data-bg=\"https:\/\/www.visitsicily.info\/wp-content\/uploads\/2025\/02\/cultura_taormina_teatro-antico-di-taormina-etna-01-ph.-Just-maria-1-1024x565.jpg\" ><div class=\"fusion-builder-row fusion-row fusion-flex-align-items-center fusion-flex-justify-content-center fusion-flex-content-wrap\" style=\"width:104% !important;max-width:104% !important;margin-left: calc(-4% \/ 2 );margin-right: calc(-4% \/ 2 );\"><div class=\"fusion-layout-column fusion_builder_column fusion-builder-column-0 fusion_builder_column_1_1 1_1 fusion-flex-column fusion-flex-align-self-center\" style=\"--awb-bg-size:cover;--awb-width-large:100%;--awb-margin-top-large:0px;--awb-spacing-right-large:1.92%;--awb-margin-bottom-large:20px;--awb-spacing-left-large:1.92%;--awb-width-medium:100%;--awb-order-medium:0;--awb-spacing-right-medium:1.92%;--awb-spacing-left-medium:1.92%;--awb-width-small:100%;--awb-order-small:0;--awb-spacing-right-small:1.92%;--awb-spacing-left-small:1.92%;\"><div class=\"fusion-column-wrapper fusion-column-has-shadow fusion-flex-justify-content-center fusion-content-layout-column\"><div class=\"fusion-text fusion-text-1\" style=\"--awb-text-transform:none;--awb-text-color:#ffffff;\"><h1 style=\"text-align: center; margin: 0; color: #fff; font-size: 80px;\"><strong>Sicilia en invierno<\/strong><\/h1>\n<h2 style=\"text-align: center; margin: 0; color: #fff;\">Descubra la magia del invierno en Sicilia!<\/h2>\n<\/div><\/div><\/div><\/div><\/section><div class=\"fusion-fullwidth fullwidth-box fusion-builder-row-2 fusion-flex-container nonhundred-percent-fullwidth non-hundred-percent-height-scrolling\" style=\"--awb-border-radius-top-left:0px;--awb-border-radius-top-right:0px;--awb-border-radius-bottom-right:0px;--awb-border-radius-bottom-left:0px;--awb-padding-top:30px;--awb-flex-wrap:wrap;\" ><div class=\"fusion-builder-row fusion-row fusion-flex-align-items-flex-start fusion-flex-content-wrap\" style=\"max-width:1248px;margin-left: calc(-4% \/ 2 );margin-right: calc(-4% \/ 2 );\"><div class=\"fusion-layout-column fusion_builder_column fusion-builder-column-1 fusion_builder_column_1_1 1_1 fusion-flex-column\" style=\"--awb-bg-size:cover;--awb-width-large:100%;--awb-margin-top-large:0px;--awb-spacing-right-large:1.92%;--awb-margin-bottom-large:20px;--awb-spacing-left-large:1.92%;--awb-width-medium:100%;--awb-order-medium:0;--awb-spacing-right-medium:1.92%;--awb-spacing-left-medium:1.92%;--awb-width-small:100%;--awb-order-small:0;--awb-spacing-right-small:1.92%;--awb-spacing-left-small:1.92%;\"><div class=\"fusion-column-wrapper fusion-column-has-shadow fusion-flex-justify-content-flex-start fusion-content-layout-column\"><div class=\"fusion-text fusion-text-2\" style=\"--awb-content-alignment:justify;--awb-font-size:20px;--awb-text-transform:none;--awb-text-font-family:&quot;Poppins&quot;;--awb-text-font-style:normal;--awb-text-font-weight:400;\"><p>Lejos de las rutas masificadas, con un clima que permite disfrutar de su paisaje todo el a\u00f1o, <strong>Sicilia en invierno<\/strong> revela su cara m\u00e1s aut\u00e9ntica. <a href=\"https:\/\/www.visitsicily.info\/es\/category\/categorie-es\/borghi-es\/\">Pueblos<\/a> envueltos en silencio, <a href=\"\/localita\/\">ciudades de arte<\/a> para explorar sin prisas y nada menos que 7 sitios de la <a href=\"https:\/\/www.visitsicily.info\/es\/category\/categorie-es\/arte-e-cultura-es\/unesco-es\/\">UNESCO<\/a>, paisajes te\u00f1idos de nuevos matices y <a href=\"https:\/\/www.visitsicily.info\/es\/category\/categorie-es\/entroterra-es\/\">un interior<\/a> que cuenta historias antiguas, entrelazando tradiciones milenarias y leyendas suspendidas en el tiempo.<br \/>\nPara los amantes <a href=\"https:\/\/www.visitsicily.info\/es\/category\/categorie-es\/all-aperto-es\/\">de las actividades al aire libre<\/a>, la isla ofrece <a href=\"https:\/\/www.visitsicily.info\/es\/category\/categorie-es\/all-aperto-es\/trekking-e-outdoor-es\/\" target=\"_blank\" rel=\"noopener\">impresionantes rutas de senderismo<\/a> y <a href=\"https:\/\/www.visitsicily.info\/proposta\/cammini-sicilia-2025\/\">paseos<\/a> que serpentean entre la naturaleza y la historia, costas salvajes esculpidas por el viento y picos encalados que sorprenden como espejismos inesperados. El mar en invierno se convierte en un horizonte de quietud, donde las olas susurran historias lejanas, mientras las puestas de sol se reflejan en el agua cristalina, proporcionando momentos suspendidos entre el sue\u00f1o y la realidad.<br \/>\nEl invierno es tambi\u00e9n la estaci\u00f3n de <a href=\"\/evento-new\/?post_types=evento-new\">las citas ineludibles<\/a>: festivales culturales, celebraciones folcl\u00f3ricas, mercados navide\u00f1os y rituales tradicionales que narran el alma m\u00e1s aut\u00e9ntica de la isla. Y para los amantes del espect\u00e1culo, <a href=\"https:\/\/www.visitsicily.info\/es\/el-teatro-en-sicilia\/\">los teatros sicilianos<\/a> abren el tel\u00f3n con temporadas de teatro y conciertos que van de la prosa a la \u00f3pera, de la m\u00fasica cl\u00e1sica a las grandes manifestaciones contempor\u00e1neas.<br \/>\nY para los que quieran vivir esta magia de la forma m\u00e1s intensa, hay experiencias pensadas para cada viajero: <a href=\"https:\/\/www.visitsicily.info\/es\/sapore\/vino-en-sicilia\/\">vinos<\/a> y <a href=\"https:\/\/www.visitsicily.info\/es\/sapori\/\">sabores<\/a> \u00fanicos que hablan del alma aut\u00e9ntica de la isla, el ambiente especial de los <a href=\"https:\/\/www.visitsicily.info\/es\/sapore\/antiguos-mercados-de-sicilia\/\">antiguos mercados tradicionales<\/a>, <a href=\"https:\/\/www.visitsicily.info\/es\/itinerari\/\">itinerarios culturales<\/a> que descubren sus maravillas m\u00e1s ocultas, e <a href=\"https:\/\/www.visitsicily.info\/es\/category\/categorie-es\/terme-e-benessere-es\/\" target=\"_blank\" rel=\"noopener\">itinerarios de bienestar<\/a> para regenerar mente y cuerpo.<br \/>\nEl invierno es el momento perfecto para descubrir Sicilia bajo una nueva luz: m\u00e1s lenta, m\u00e1s \u00edntima, m\u00e1s verdadera.<\/p>\n<p>\u00bfEst\u00e1 preparado?<\/p>\n<\/div><\/div><\/div><\/div><\/div><div class=\"fusion-fullwidth fullwidth-box fusion-builder-row-3 fusion-flex-container nonhundred-percent-fullwidth non-hundred-percent-height-scrolling\" style=\"--awb-border-radius-top-left:0px;--awb-border-radius-top-right:0px;--awb-border-radius-bottom-right:0px;--awb-border-radius-bottom-left:0px;--awb-padding-right-medium:15px;--awb-padding-left-medium:15px;--awb-flex-wrap:wrap;\" id=\"detail-related-block\" ><div class=\"fusion-builder-row fusion-row fusion-flex-align-items-flex-start fusion-flex-content-wrap\" style=\"max-width:1248px;margin-left: calc(-4% \/ 2 );margin-right: calc(-4% \/ 2 );\"><div class=\"fusion-layout-column fusion_builder_column fusion-builder-column-2 fusion_builder_column_1_1 1_1 fusion-flex-column\" style=\"--awb-bg-size:cover;--awb-width-large:100%;--awb-margin-top-large:0px;--awb-spacing-right-large:1.92%;--awb-margin-bottom-large:20px;--awb-spacing-left-large:1.92%;--awb-width-medium:100%;--awb-order-medium:0;--awb-spacing-right-medium:1.92%;--awb-spacing-left-medium:1.92%;--awb-width-small:100%;--awb-order-small:0;--awb-spacing-right-small:1.92%;--awb-spacing-left-small:1.92%;\"><div class=\"fusion-column-wrapper fusion-column-has-shadow fusion-flex-justify-content-flex-start fusion-content-layout-column\"><div class=\"fusion-text fusion-text-3 fusion-text-no-margin\" style=\"--awb-content-alignment:center;--awb-font-size:40px;--awb-text-transform:uppercase;--awb-text-color:#000000;--awb-margin-bottom:40px;--awb-text-font-family:&quot;Poppins&quot;;--awb-text-font-style:normal;--awb-text-font-weight:700;\"><p>SICILIA <span style=\"color: #adeaff;\">EN INVIERNO<\/span><\/p>\n<\/div><div class=\"fusion-post-cards fusion-post-cards-1 fusion-grid-columns-2\" style=\"--awb-column-spacing:10px;--awb-dots-align:center;--awb-columns:2;--awb-filters-color:#4d9b8d;--awb-active-filter-border-size:3px;--awb-filters-height:36px;--awb-row-spacing:10px;\" data-post-type-label=\"propuestas de viaje\" id=\"detail-related\"><ul class=\"fusion-grid fusion-grid-2 fusion-flex-align-items-flex-start fusion-grid-posts-cards\"><li class=\"fusion-layout-column fusion_builder_column fusion-builder-column-3 fusion-flex-column fusion-animated post-card fusion-grid-column fusion-post-cards-grid-column\" style=\"--awb-bg-position:center center;--awb-bg-blend:overlay;--awb-bg-size:cover;--awb-flex-grow:0;--awb-flex-shrink:0;--awb-flex-grow-medium:0;--awb-flex-shrink-medium:0;--awb-flex-grow-small:0;--awb-flex-shrink-small:0;\" data-animationType=\"zoomIn\" data-animationDuration=\"0.3\" data-animationOffset=\"top-into-view\"><div class=\"fusion-column-wrapper fusion-column-has-shadow fusion-flex-justify-content-center fusion-content-layout-column\"><div class=\"fusion-builder-row fusion-builder-row-inner fusion-row fusion-flex-align-items-flex-start fusion-flex-content-wrap\" style=\"--awb-flex-grow:0;--awb-flex-grow-medium:0;--awb-flex-grow-small:0;--awb-flex-shrink:0;--awb-flex-shrink-medium:0;--awb-flex-shrink-small:0;width:104% !important;max-width:104% !important;margin-left: calc(-4% \/ 2 );margin-right: calc(-4% \/ 2 );\"><div class=\"fusion-layout-column fusion_builder_column_inner fusion-builder-nested-column-0 fusion_builder_column_inner_1_1 1_1 fusion-flex-column fusion-column-inner-bg-wrapper fusion-animated\" style=\"--awb-inner-bg-color:#666666;--awb-inner-bg-color-hover:#666666;--awb-inner-bg-position:center center;--awb-inner-bg-blend:overlay;--awb-inner-bg-size:cover;--awb-width-large:100%;--awb-margin-top-large:0px;--awb-spacing-right-large:1.92%;--awb-margin-bottom-large:20px;--awb-spacing-left-large:1.92%;--awb-width-medium:100%;--awb-order-medium:0;--awb-spacing-right-medium:1.92%;--awb-spacing-left-medium:1.92%;--awb-width-small:100%;--awb-order-small:0;--awb-spacing-right-small:1.92%;--awb-spacing-left-small:1.92%;\" data-animationType=\"zoomIn\" data-animationDuration=\"0.3\" data-animationOffset=\"top-into-view\"><span class=\"fusion-column-inner-bg hover-type-zoomin\"><a class=\"fusion-column-anchor\" href=\"https:\/\/www.visitsicily.info\/es\/category\/proposte-esperienziali-es\/\"><span class=\"fusion-column-inner-bg-image lazyload\" data-bg=\"https:\/\/www.visitsicily.info\/wp-content\/uploads\/2025\/01\/38960CDC-DE97-465F-8704-DF777585C7D8.jpeg\"><\/span><\/a><\/span><div class=\"fusion-column-wrapper fusion-column-has-shadow fusion-flex-justify-content-flex-start fusion-content-layout-column fusion-column-has-bg-image\" data-bg-url=\"https:\/\/www.visitsicily.info\/wp-content\/uploads\/2025\/01\/38960CDC-DE97-465F-8704-DF777585C7D8.jpeg\"><div class=\"fusion-separator fusion-full-width-sep\" style=\"align-self: center;margin-left: auto;margin-right: auto;margin-top:100%;width:100%;\"><\/div><div class=\"fusion-text fusion-text-4 fusion-text-no-margin centered-overlay-text\" style=\"--awb-content-alignment:center;--awb-font-size:30px;--awb-line-height:1;--awb-text-transform:uppercase;--awb-text-color:#ffffff;--awb-margin-top:10px;--awb-margin-right:10px;--awb-margin-bottom:10px;--awb-margin-left:10px;--awb-text-font-family:&quot;Poppins&quot;;--awb-text-font-style:normal;--awb-text-font-weight:700;\"><p>Propuestas experienciales<\/p>\n<\/div><\/div><\/div><\/div><\/div><\/li>\n<li class=\"fusion-layout-column fusion_builder_column fusion-builder-column-4 fusion-flex-column fusion-animated post-card fusion-grid-column fusion-post-cards-grid-column\" style=\"--awb-bg-position:center center;--awb-bg-blend:overlay;--awb-bg-size:cover;--awb-flex-grow:0;--awb-flex-shrink:0;--awb-flex-grow-medium:0;--awb-flex-shrink-medium:0;--awb-flex-grow-small:0;--awb-flex-shrink-small:0;\" data-animationType=\"zoomIn\" data-animationDuration=\"0.3\" data-animationOffset=\"top-into-view\"><div class=\"fusion-column-wrapper fusion-column-has-shadow fusion-flex-justify-content-center fusion-content-layout-column\"><div class=\"fusion-builder-row fusion-builder-row-inner fusion-row fusion-flex-align-items-flex-start fusion-flex-content-wrap\" style=\"--awb-flex-grow:0;--awb-flex-grow-medium:0;--awb-flex-grow-small:0;--awb-flex-shrink:0;--awb-flex-shrink-medium:0;--awb-flex-shrink-small:0;width:104% !important;max-width:104% !important;margin-left: calc(-4% \/ 2 );margin-right: calc(-4% \/ 2 );\"><div class=\"fusion-layout-column fusion_builder_column_inner fusion-builder-nested-column-1 fusion_builder_column_inner_1_1 1_1 fusion-flex-column fusion-column-inner-bg-wrapper fusion-animated\" style=\"--awb-inner-bg-color:#666666;--awb-inner-bg-color-hover:#666666;--awb-inner-bg-position:center center;--awb-inner-bg-blend:overlay;--awb-inner-bg-size:cover;--awb-width-large:100%;--awb-margin-top-large:0px;--awb-spacing-right-large:1.92%;--awb-margin-bottom-large:20px;--awb-spacing-left-large:1.92%;--awb-width-medium:100%;--awb-order-medium:0;--awb-spacing-right-medium:1.92%;--awb-spacing-left-medium:1.92%;--awb-width-small:100%;--awb-order-small:0;--awb-spacing-right-small:1.92%;--awb-spacing-left-small:1.92%;\" data-animationType=\"zoomIn\" data-animationDuration=\"0.3\" data-animationOffset=\"top-into-view\"><span class=\"fusion-column-inner-bg hover-type-zoomin\"><a class=\"fusion-column-anchor\" href=\"https:\/\/www.visitsicily.info\/es\/category\/pacchetti-turistici-es\/\"><span class=\"fusion-column-inner-bg-image lazyload\" data-bg=\"https:\/\/www.visitsicily.info\/wp-content\/uploads\/2025\/02\/MONDELLO-scaled.jpg\"><\/span><\/a><\/span><div class=\"fusion-column-wrapper fusion-column-has-shadow fusion-flex-justify-content-flex-start fusion-content-layout-column fusion-column-has-bg-image\" data-bg-url=\"https:\/\/www.visitsicily.info\/wp-content\/uploads\/2025\/02\/MONDELLO-scaled.jpg\"><div class=\"fusion-separator fusion-full-width-sep\" style=\"align-self: center;margin-left: auto;margin-right: auto;margin-top:100%;width:100%;\"><\/div><div class=\"fusion-text fusion-text-5 fusion-text-no-margin centered-overlay-text\" style=\"--awb-content-alignment:center;--awb-font-size:30px;--awb-line-height:1;--awb-text-transform:uppercase;--awb-text-color:#ffffff;--awb-margin-top:10px;--awb-margin-right:10px;--awb-margin-bottom:10px;--awb-margin-left:10px;--awb-text-font-family:&quot;Poppins&quot;;--awb-text-font-style:normal;--awb-text-font-weight:700;\"><p>Paquetes turisticos<\/p>\n<\/div><\/div><\/div><\/div><\/div><\/li>\n<\/ul><\/div><\/div><\/div><\/div><\/div><div class=\"fusion-fullwidth fullwidth-box fusion-builder-row-4 fusion-flex-container has-pattern-background has-mask-background nonhundred-percent-fullwidth non-hundred-percent-height-scrolling\" style=\"--awb-border-radius-top-left:0px;--awb-border-radius-top-right:0px;--awb-border-radius-bottom-right:0px;--awb-border-radius-bottom-left:0px;--awb-flex-wrap:wrap;\" ><div class=\"fusion-builder-row fusion-row fusion-flex-align-items-flex-start fusion-flex-content-wrap\" style=\"max-width:1248px;margin-left: calc(-4% \/ 2 );margin-right: calc(-4% \/ 2 );\"><div class=\"fusion-layout-column fusion_builder_column fusion-builder-column-5 fusion_builder_column_1_1 1_1 fusion-flex-column\" style=\"--awb-bg-size:cover;--awb-width-large:100%;--awb-flex-grow:0;--awb-flex-shrink:0;--awb-margin-top-large:0px;--awb-spacing-right-large:1.92%;--awb-margin-bottom-large:20px;--awb-spacing-left-large:1.92%;--awb-width-medium:100%;--awb-order-medium:0;--awb-flex-grow-medium:0;--awb-flex-shrink-medium:0;--awb-spacing-right-medium:1.92%;--awb-spacing-left-medium:1.92%;--awb-width-small:100%;--awb-order-small:0;--awb-flex-grow-small:0;--awb-flex-shrink-small:0;--awb-spacing-right-small:1.92%;--awb-spacing-left-small:1.92%;\"><div class=\"fusion-column-wrapper fusion-column-has-shadow fusion-flex-justify-content-flex-start fusion-content-layout-column\"><div class=\"fusion-text fusion-text-6\"><p style=\"text-align: center;\"><em><strong>Todas las propuestas experienciales y los paquetes tur\u00edsticos que aparecen en esta p\u00e1gina se adhieren a la iniciativa \u00abSicilia d&#8217;Inverno\u00bb y solo pueden adquirirse a trav\u00e9s de los operadores tur\u00edsticos participantes, \u00fanicos responsables de la organizaci\u00f3n y la correcta ejecuci\u00f3n de los servicios ofrecidos. La informaci\u00f3n proporcionada ha sido facilitada directamente por el proponente, quien garantiza su integridad, exactitud y conformidad con la normativa vigente.<\/strong><\/em><\/p>\n<\/div><\/div><\/div><\/div><\/div><\/p>\n","protected":false},"excerpt":{"rendered":"","protected":false},"author":33,"featured_media":0,"parent":0,"menu_order":0,"comment_status":"closed","ping_status":"closed","template":"100-width.php","meta":{"_acf_changed":false,"footnotes":""},"class_list":["post-91418","page","type-page","status-publish","hentry"],"acf":[],"yoast_head":"<!-- This site is optimized with the Yoast SEO plugin v27.2 - https:\/\/yoast.com\/product\/yoast-seo-wordpress\/ -->\n<title>Proposte di viaggio - Visit Sicily Sicilia en invierno<\/title>\n<meta name=\"description\" content=\"Sicilia en invierno, Descubra la magia del invierno en Sicilia\" \/>\n<meta name=\"robots\" content=\"index, follow, max-snippet:-1, max-image-preview:large, max-video-preview:-1\" \/>\n<link rel=\"canonical\" href=\"https:\/\/www.visitsicily.info\/es\/sicilia-d-inverno\/\" \/>\n<meta property=\"og:locale\" content=\"es_ES\" \/>\n<meta property=\"og:type\" content=\"article\" \/>\n<meta property=\"og:title\" content=\"Proposte di viaggio - Visit Sicily Sicilia en invierno\" \/>\n<meta property=\"og:description\" content=\"Sicilia en invierno, Descubra la magia del invierno en Sicilia\" \/>\n<meta property=\"og:url\" content=\"https:\/\/www.visitsicily.info\/es\/sicilia-d-inverno\/\" \/>\n<meta property=\"og:site_name\" content=\"Visit Sicily\" \/>\n<meta property=\"article:publisher\" content=\"https:\/\/www.facebook.com\/visitsicily.info\/\" \/>\n<meta property=\"article:modified_time\" content=\"2025-10-03T10:24:52+00:00\" \/>\n<meta property=\"og:image\" content=\"https:\/\/www.visitsicily.info\/wp-content\/uploads\/2021\/12\/Schermata-2021-12-06-alle-14.51.18-1024x603.png\" \/>\n\t<meta property=\"og:image:width\" content=\"1024\" \/>\n\t<meta property=\"og:image:height\" content=\"603\" \/>\n\t<meta property=\"og:image:type\" content=\"image\/png\" \/>\n<meta name=\"twitter:card\" content=\"summary_large_image\" \/>\n<meta name=\"twitter:site\" content=\"@VisitSicilyOP\" \/>\n<meta name=\"twitter:label1\" content=\"Tiempo de lectura\" \/>\n\t<meta name=\"twitter:data1\" content=\"2 minutos\" \/>\n<script type=\"application\/ld+json\" class=\"yoast-schema-graph\">{\"@context\":\"https:\/\/schema.org\",\"@graph\":[{\"@type\":\"WebPage\",\"@id\":\"https:\/\/www.visitsicily.info\/es\/sicilia-d-inverno\/\",\"url\":\"https:\/\/www.visitsicily.info\/es\/sicilia-d-inverno\/\",\"name\":\"Proposte di viaggio - Visit Sicily Sicilia en invierno\",\"isPartOf\":{\"@id\":\"https:\/\/www.visitsicily.info\/es\/#website\"},\"datePublished\":\"2025-02-04T13:30:35+00:00\",\"dateModified\":\"2025-10-03T10:24:52+00:00\",\"description\":\"Sicilia en invierno, Descubra la magia del invierno en Sicilia\",\"breadcrumb\":{\"@id\":\"https:\/\/www.visitsicily.info\/es\/sicilia-d-inverno\/#breadcrumb\"},\"inLanguage\":\"es\",\"potentialAction\":[{\"@type\":\"ReadAction\",\"target\":[\"https:\/\/www.visitsicily.info\/es\/sicilia-d-inverno\/\"]}]},{\"@type\":\"BreadcrumbList\",\"@id\":\"https:\/\/www.visitsicily.info\/es\/sicilia-d-inverno\/#breadcrumb\",\"itemListElement\":[{\"@type\":\"ListItem\",\"position\":1,\"name\":\"Home\",\"item\":\"https:\/\/www.visitsicily.info\/es\/\"},{\"@type\":\"ListItem\",\"position\":2,\"name\":\"sicilia d&#8217;inverno-hp\"}]},{\"@type\":\"WebSite\",\"@id\":\"https:\/\/www.visitsicily.info\/es\/#website\",\"url\":\"https:\/\/www.visitsicily.info\/es\/\",\"name\":\"Visit Sicily\",\"description\":\"Island of art\",\"publisher\":{\"@id\":\"https:\/\/www.visitsicily.info\/es\/#organization\"},\"potentialAction\":[{\"@type\":\"SearchAction\",\"target\":{\"@type\":\"EntryPoint\",\"urlTemplate\":\"https:\/\/www.visitsicily.info\/es\/?s={search_term_string}\"},\"query-input\":{\"@type\":\"PropertyValueSpecification\",\"valueRequired\":true,\"valueName\":\"search_term_string\"}}],\"inLanguage\":\"es\"},{\"@type\":\"Organization\",\"@id\":\"https:\/\/www.visitsicily.info\/es\/#organization\",\"name\":\"Regione Siciliana\",\"url\":\"https:\/\/www.visitsicily.info\/es\/\",\"logo\":{\"@type\":\"ImageObject\",\"inLanguage\":\"es\",\"@id\":\"https:\/\/www.visitsicily.info\/es\/#\/schema\/logo\/image\/\",\"url\":\"https:\/\/www.visitsicily.info\/wp-content\/uploads\/2021\/05\/regione-siciliana-logo2.png\",\"contentUrl\":\"https:\/\/www.visitsicily.info\/wp-content\/uploads\/2021\/05\/regione-siciliana-logo2.png\",\"width\":200,\"height\":200,\"caption\":\"Regione Siciliana\"},\"image\":{\"@id\":\"https:\/\/www.visitsicily.info\/es\/#\/schema\/logo\/image\/\"},\"sameAs\":[\"https:\/\/www.facebook.com\/visitsicily.info\/\",\"https:\/\/x.com\/VisitSicilyOP\",\"https:\/\/www.instagram.com\/ig_visitsicily\/\",\"https:\/\/www.pinterest.com\/visitsicilyOP\/followers\/\",\"https:\/\/www.youtube.com\/user\/siciliaturismo\"]}]}<\/script>\n<!-- \/ Yoast SEO plugin. -->","yoast_head_json":{"title":"Proposte di viaggio - Visit Sicily Sicilia en invierno","description":"Sicilia en invierno, Descubra la magia del invierno en Sicilia","robots":{"index":"index","follow":"follow","max-snippet":"max-snippet:-1","max-image-preview":"max-image-preview:large","max-video-preview":"max-video-preview:-1"},"canonical":"https:\/\/www.visitsicily.info\/es\/sicilia-d-inverno\/","og_locale":"es_ES","og_type":"article","og_title":"Proposte di viaggio - Visit Sicily Sicilia en invierno","og_description":"Sicilia en invierno, Descubra la magia del invierno en Sicilia","og_url":"https:\/\/www.visitsicily.info\/es\/sicilia-d-inverno\/","og_site_name":"Visit Sicily","article_publisher":"https:\/\/www.facebook.com\/visitsicily.info\/","article_modified_time":"2025-10-03T10:24:52+00:00","og_image":[{"width":1024,"height":603,"url":"https:\/\/www.visitsicily.info\/wp-content\/uploads\/2021\/12\/Schermata-2021-12-06-alle-14.51.18-1024x603.png","type":"image\/png"}],"twitter_card":"summary_large_image","twitter_site":"@VisitSicilyOP","twitter_misc":{"Tiempo de lectura":"2 minutos"},"schema":{"@context":"https:\/\/schema.org","@graph":[{"@type":"WebPage","@id":"https:\/\/www.visitsicily.info\/es\/sicilia-d-inverno\/","url":"https:\/\/www.visitsicily.info\/es\/sicilia-d-inverno\/","name":"Proposte di viaggio - Visit Sicily Sicilia en invierno","isPartOf":{"@id":"https:\/\/www.visitsicily.info\/es\/#website"},"datePublished":"2025-02-04T13:30:35+00:00","dateModified":"2025-10-03T10:24:52+00:00","description":"Sicilia en invierno, Descubra la magia del invierno en Sicilia","breadcrumb":{"@id":"https:\/\/www.visitsicily.info\/es\/sicilia-d-inverno\/#breadcrumb"},"inLanguage":"es","potentialAction":[{"@type":"ReadAction","target":["https:\/\/www.visitsicily.info\/es\/sicilia-d-inverno\/"]}]},{"@type":"BreadcrumbList","@id":"https:\/\/www.visitsicily.info\/es\/sicilia-d-inverno\/#breadcrumb","itemListElement":[{"@type":"ListItem","position":1,"name":"Home","item":"https:\/\/www.visitsicily.info\/es\/"},{"@type":"ListItem","position":2,"name":"sicilia d&#8217;inverno-hp"}]},{"@type":"WebSite","@id":"https:\/\/www.visitsicily.info\/es\/#website","url":"https:\/\/www.visitsicily.info\/es\/","name":"Visit Sicily","description":"Island of art","publisher":{"@id":"https:\/\/www.visitsicily.info\/es\/#organization"},"potentialAction":[{"@type":"SearchAction","target":{"@type":"EntryPoint","urlTemplate":"https:\/\/www.visitsicily.info\/es\/?s={search_term_string}"},"query-input":{"@type":"PropertyValueSpecification","valueRequired":true,"valueName":"search_term_string"}}],"inLanguage":"es"},{"@type":"Organization","@id":"https:\/\/www.visitsicily.info\/es\/#organization","name":"Regione Siciliana","url":"https:\/\/www.visitsicily.info\/es\/","logo":{"@type":"ImageObject","inLanguage":"es","@id":"https:\/\/www.visitsicily.info\/es\/#\/schema\/logo\/image\/","url":"https:\/\/www.visitsicily.info\/wp-content\/uploads\/2021\/05\/regione-siciliana-logo2.png","contentUrl":"https:\/\/www.visitsicily.info\/wp-content\/uploads\/2021\/05\/regione-siciliana-logo2.png","width":200,"height":200,"caption":"Regione Siciliana"},"image":{"@id":"https:\/\/www.visitsicily.info\/es\/#\/schema\/logo\/image\/"},"sameAs":["https:\/\/www.facebook.com\/visitsicily.info\/","https:\/\/x.com\/VisitSicilyOP","https:\/\/www.instagram.com\/ig_visitsicily\/","https:\/\/www.pinterest.com\/visitsicilyOP\/followers\/","https:\/\/www.youtube.com\/user\/siciliaturismo"]}]}},"_links":{"self":[{"href":"https:\/\/www.visitsicily.info\/es\/wp-json\/wp\/v2\/pages\/91418","targetHints":{"allow":["GET"]}}],"collection":[{"href":"https:\/\/www.visitsicily.info\/es\/wp-json\/wp\/v2\/pages"}],"about":[{"href":"https:\/\/www.visitsicily.info\/es\/wp-json\/wp\/v2\/types\/page"}],"author":[{"embeddable":true,"href":"https:\/\/www.visitsicily.info\/es\/wp-json\/wp\/v2\/users\/33"}],"replies":[{"embeddable":true,"href":"https:\/\/www.visitsicily.info\/es\/wp-json\/wp\/v2\/comments?post=91418"}],"version-history":[{"count":6,"href":"https:\/\/www.visitsicily.info\/es\/wp-json\/wp\/v2\/pages\/91418\/revisions"}],"predecessor-version":[{"id":99005,"href":"https:\/\/www.visitsicily.info\/es\/wp-json\/wp\/v2\/pages\/91418\/revisions\/99005"}],"wp:attachment":[{"href":"https:\/\/www.visitsicily.info\/es\/wp-json\/wp\/v2\/media?parent=91418"}],"curies":[{"name":"wp","href":"https:\/\/api.w.org\/{rel}","templated":true}]}}