{"id":47174,"date":"2021-10-25T09:00:43","date_gmt":"2021-10-25T07:00:43","guid":{"rendered":"https:\/\/www.visitsicily.info\/attrazioni\/"},"modified":"2022-06-24T20:05:32","modified_gmt":"2022-06-24T18:05:32","slug":"attrazioni","status":"publish","type":"page","link":"https:\/\/www.visitsicily.info\/es\/attrazioni\/","title":{"rendered":"attrazione-hp"},"content":{"rendered":"<p><section class=\"fusion-fullwidth fullwidth-box fusion-builder-row-1 fusion-flex-container fusion-parallax-none hundred-percent-fullwidth non-hundred-percent-height-scrolling lazyload\" style=\"--awb-background-blend-mode:overlay;--awb-border-radius-top-left:0px;--awb-border-radius-top-right:0px;--awb-border-radius-bottom-right:0px;--awb-border-radius-bottom-left:0px;--awb-min-height:70vh;--awb-background-color:rgba(0,0,0,0.2);--awb-background-size:cover;--awb-flex-wrap:wrap;\" data-bg=\"https:\/\/www.visitsicily.info\/wp-content\/uploads\/2015\/12\/taormina-giardini-barone.jpg\" ><div class=\"fusion-builder-row fusion-row fusion-flex-align-items-center fusion-flex-justify-content-center fusion-flex-content-wrap\" style=\"width:104% !important;max-width:104% !important;margin-left: calc(-4% \/ 2 );margin-right: calc(-4% \/ 2 );\"><div class=\"fusion-layout-column fusion_builder_column fusion-builder-column-0 fusion_builder_column_1_1 1_1 fusion-flex-column fusion-flex-align-self-center\" style=\"--awb-bg-size:cover;--awb-width-large:100%;--awb-margin-top-large:0px;--awb-spacing-right-large:1.92%;--awb-margin-bottom-large:20px;--awb-spacing-left-large:1.92%;--awb-width-medium:100%;--awb-order-medium:0;--awb-spacing-right-medium:1.92%;--awb-spacing-left-medium:1.92%;--awb-width-small:100%;--awb-order-small:0;--awb-spacing-right-small:1.92%;--awb-spacing-left-small:1.92%;\"><div class=\"fusion-column-wrapper fusion-column-has-shadow fusion-flex-justify-content-center fusion-content-layout-column\"><div class=\"fusion-text fusion-text-1\" style=\"--awb-text-transform:none;--awb-text-color:#ffffff;\"><h1 style=\"text-align: center; margin: 0; color: #fff; font-size: 80px;\"><strong>ATTRACCIONES<\/strong><\/h1>\n<h2 style=\"text-align: center; margin: 0; color: #fff;\">Sicilia, proscenio al aire libre<\/h2>\n<\/div><\/div><\/div><\/div><\/section><div class=\"fusion-fullwidth fullwidth-box fusion-builder-row-2 fusion-flex-container nonhundred-percent-fullwidth non-hundred-percent-height-scrolling\" style=\"--awb-border-radius-top-left:0px;--awb-border-radius-top-right:0px;--awb-border-radius-bottom-right:0px;--awb-border-radius-bottom-left:0px;--awb-padding-top:30px;--awb-flex-wrap:wrap;\" ><div class=\"fusion-builder-row fusion-row fusion-flex-align-items-flex-start fusion-flex-content-wrap\" style=\"max-width:1248px;margin-left: calc(-4% \/ 2 );margin-right: calc(-4% \/ 2 );\"><div class=\"fusion-layout-column fusion_builder_column fusion-builder-column-1 fusion_builder_column_1_1 1_1 fusion-flex-column\" style=\"--awb-bg-size:cover;--awb-width-large:100%;--awb-margin-top-large:0px;--awb-spacing-right-large:1.92%;--awb-margin-bottom-large:20px;--awb-spacing-left-large:1.92%;--awb-width-medium:100%;--awb-order-medium:0;--awb-spacing-right-medium:1.92%;--awb-spacing-left-medium:1.92%;--awb-width-small:100%;--awb-order-small:0;--awb-spacing-right-small:1.92%;--awb-spacing-left-small:1.92%;\"><div class=\"fusion-column-wrapper fusion-column-has-shadow fusion-flex-justify-content-flex-start fusion-content-layout-column\"><div class=\"fusion-text fusion-text-2\" style=\"--awb-content-alignment:justify;--awb-font-size:20px;--awb-text-transform:none;--awb-text-font-family:&quot;Poppins&quot;;--awb-text-font-style:normal;--awb-text-font-weight:400;\"><p><span style=\"font-weight: 400;\">Todos los viajes empiezan con un deseo. Y todos sus deseos se hacen realidad en Sicilia.<\/span><\/p>\n<p><span style=\"font-weight: 400;\">\u00bfLe gustar\u00eda pasear por la grandiosidad y majestad del<\/span><a href=\"\/es\/?p=1231\"><b> Valle de los Templos<\/b><\/a><span style=\"font-weight: 400;\">? \u00bfQuedarse sin palabras ante la <\/span><a href=\"\/es\/?p=1309\"><b>Capilla Palatina<\/b><\/a><span style=\"font-weight: 400;\">, descrita como <\/span><i><span style=\"font-weight: 400;\">&#8220;la m\u00e1s bella joya religiosa so\u00f1ada por el pensamiento humano&#8221;<\/span><\/i><span style=\"font-weight: 400;\">? D\u00e9jese deslumbrar por la blanca y magn\u00edfica hermosura de la <\/span><a href=\"\/es\/?p=1332\"><b>Scala dei Turchi<\/b><\/a><span style=\"font-weight: 400;\">.<\/span><\/p>\n<p><span style=\"font-weight: 400;\">Sue\u00f1o y realidad, mito e historia, se unen en una sola dimensi\u00f3n. La cultura, el arte, la naturaleza, crean algo \u00fanico e inimitable. Ayer y ma\u00f1ana se funden en un presente sin fin.<\/span><\/p>\n<p><span style=\"font-weight: 400;\">\u00a0Los aplausos atronadores siguen resonando a trav\u00e9s de los siglos en el antiguo <\/span><a href=\"\/es\/?p=37367\"><b>teatro de Siracusa<\/b><\/a><span style=\"font-weight: 400;\">. Los mosaicos de la <\/span><a href=\"\/es\/?p=2137\"><b>Villa del Casale<\/b><\/a><span style=\"font-weight: 400;\"> relatan el glorioso pasado de la Roma imperial. Los megalitos de<\/span><a href=\"\/es\/?p=1725\"><b> Argimusco<\/b><\/a><span style=\"font-weight: 400;\"> susurran al viento sobre los or\u00edgenes del tiempo. Contemplarlos, aqu\u00ed y ahora, ser\u00e1 una experiencia trascendental.<\/span><\/p>\n<p><span style=\"font-weight: 400;\">\u00a0Descubra las hermanas peque\u00f1as de Sicilia, las encantadoras<\/span><b> islas menores<\/b><span style=\"font-weight: 400;\">, todas diferentes entre s\u00ed. Cada uno tiene su propia caracter\u00edstica y encanto, m\u00e1s antiguo o m\u00e1s &#8220;<\/span><i><span style=\"font-weight: 400;\">brillante<\/span><\/i><span style=\"font-weight: 400;\">&#8220;.<\/span><\/p>\n<p><span style=\"font-weight: 400;\">Despu\u00e9s de haber visitado <\/span><b><a href=\"\/es\/?p=2539\">Cefal\u00fa<\/a>, <a href=\"\/es\/?p=2424\">Noto<\/a>, <a href=\"\/es\/taormina\/\">Taormina<\/a><\/b><span style=\"font-weight: 400;\">, su coraz\u00f3n latir\u00e1 con un ritmo diferente e ins\u00f3lito: ser\u00e1 imposible dejar estos lugares y olvidarlos.<\/span><\/p>\n<p><span style=\"font-weight: 400;\">Afortunadamente, Sicilia siempre estar\u00e1 dispuesta a acogerle. Para cualquier nuevo deseo, cualquier nuevo viaje y tu ganas de maravilla, esta isla siempre te llevar\u00e1 al lugar perfecto.<\/span><\/p>\n<\/div><\/div><\/div><\/div><\/div><div class=\"fusion-fullwidth fullwidth-box fusion-builder-row-3 fusion-flex-container nonhundred-percent-fullwidth non-hundred-percent-height-scrolling\" style=\"--awb-border-radius-top-left:0px;--awb-border-radius-top-right:0px;--awb-border-radius-bottom-right:0px;--awb-border-radius-bottom-left:0px;--awb-padding-right-medium:15px;--awb-padding-left-medium:15px;--awb-flex-wrap:wrap;\" id=\"detail-related-block\" ><div class=\"fusion-builder-row fusion-row fusion-flex-align-items-flex-start fusion-flex-content-wrap\" style=\"max-width:1248px;margin-left: calc(-4% \/ 2 );margin-right: calc(-4% \/ 2 );\"><div class=\"fusion-layout-column fusion_builder_column fusion-builder-column-2 fusion_builder_column_1_1 1_1 fusion-flex-column\" style=\"--awb-bg-size:cover;--awb-width-large:100%;--awb-margin-top-large:0px;--awb-spacing-right-large:1.92%;--awb-margin-bottom-large:20px;--awb-spacing-left-large:1.92%;--awb-width-medium:100%;--awb-order-medium:0;--awb-spacing-right-medium:1.92%;--awb-spacing-left-medium:1.92%;--awb-width-small:100%;--awb-order-small:0;--awb-spacing-right-small:1.92%;--awb-spacing-left-small:1.92%;\"><div class=\"fusion-column-wrapper fusion-column-has-shadow fusion-flex-justify-content-flex-start fusion-content-layout-column\"><div class=\"fusion-text fusion-text-3 fusion-text-no-margin\" style=\"--awb-content-alignment:center;--awb-font-size:40px;--awb-text-transform:uppercase;--awb-text-color:#000000;--awb-margin-bottom:40px;--awb-text-font-family:&quot;Poppins&quot;;--awb-text-font-style:normal;--awb-text-font-weight:700;\"><p>EN <span style=\"color: #df5c40;\">EVIDENCIA<\/span><\/p>\n<\/div><div class=\"fusion-post-cards fusion-post-cards-1 fusion-grid-archive fusion-grid-columns-3\" style=\"--awb-column-spacing:10px;--awb-columns:3;--awb-row-spacing:10px;\" data-post-type-label=\"atracciones\" id=\"detail-related\"><ul class=\"fusion-grid fusion-grid-3 fusion-flex-align-items-flex-start fusion-grid-posts-cards\"><li class=\"fusion-layout-column fusion_builder_column fusion-builder-column-3 fusion-flex-column fusion-column-inner-bg-wrapper post-card fusion-grid-column fusion-post-cards-grid-column\" style=\"--awb-inner-bg-position:center center;--awb-inner-bg-blend:overlay;--awb-inner-bg-size:cover;--awb-flex-grow:0;--awb-flex-shrink:0;--awb-flex-grow-medium:0;--awb-flex-shrink-medium:0;--awb-flex-grow-small:0;--awb-flex-shrink-small:0;\"><span class=\"fusion-column-inner-bg hover-type-none\"><a class=\"fusion-column-anchor\" href=\"https:\/\/www.visitsicily.info\/es\/attrazione\/antigua-almadraba-florio-de-favignana-y-formica\/\" aria-label=\"Antigua almadraba Florio de Favignana y Formica\"><span class=\"fusion-column-inner-bg-image\"><\/span><\/a><\/span><div class=\"fusion-column-wrapper fusion-column-has-shadow fusion-flex-justify-content-center fusion-content-layout-column\"><div class=\"fusion-builder-row fusion-builder-row-inner fusion-row fusion-flex-align-items-flex-start fusion-flex-content-wrap\" style=\"--awb-flex-grow:0;--awb-flex-grow-medium:0;--awb-flex-grow-small:0;--awb-flex-shrink:0;--awb-flex-shrink-medium:0;--awb-flex-shrink-small:0;width:104% !important;max-width:104% !important;margin-left: calc(-4% \/ 2 );margin-right: calc(-4% \/ 2 );\"><div class=\"fusion-layout-column fusion_builder_column_inner fusion-builder-nested-column-0 fusion_builder_column_inner_1_1 1_1 fusion-flex-column\" style=\"--awb-bg-color:#777777;--awb-bg-color-hover:#777777;--awb-bg-position:center center;--awb-bg-size:cover;--awb-width-large:100%;--awb-margin-top-large:0px;--awb-spacing-right-large:1.92%;--awb-margin-bottom-large:20px;--awb-spacing-left-large:1.92%;--awb-width-medium:100%;--awb-order-medium:0;--awb-spacing-right-medium:1.92%;--awb-spacing-left-medium:1.92%;--awb-width-small:100%;--awb-order-small:0;--awb-spacing-right-small:1.92%;--awb-spacing-left-small:1.92%;\" data-scroll-devices=\"small-visibility,medium-visibility,large-visibility\"><div class=\"fusion-column-wrapper fusion-column-has-shadow fusion-flex-justify-content-flex-start fusion-content-layout-column\"><div class=\"card-bg-img\" style=\"background-image:url(https:\/\/www.visitsicily.info\/wp-content\/uploads\/2018\/02\/x-FAVIGNANA2-1024x683.jpg);position: absolute;top: 0;left: 0;width: 100%;height: 100%;background-size: cover;background-position: center;z-index: -1;\"><\/div><div class=\"fusion-image-element \" style=\"--awb-caption-title-font-family:var(--h2_typography-font-family);--awb-caption-title-font-weight:var(--h2_typography-font-weight);--awb-caption-title-font-style:var(--h2_typography-font-style);--awb-caption-title-size:var(--h2_typography-font-size);--awb-caption-title-transform:var(--h2_typography-text-transform);--awb-caption-title-line-height:var(--h2_typography-line-height);--awb-caption-title-letter-spacing:var(--h2_typography-letter-spacing);--awb-filter:opacity(0%);--awb-filter-transition:filter 0.3s ease;--awb-filter-hover:opacity(0%);\"><span class=\" fusion-imageframe imageframe-none imageframe-1 hover-type-none\"><img decoding=\"async\" width=\"400\" height=\"400\" title=\"400&#215;400\" src=\"https:\/\/www.visitsicily.info\/wp-content\/uploads\/2021\/11\/400x400.png\" data-orig-src=\"https:\/\/www.visitsicily.info\/wp-content\/uploads\/2021\/11\/400x400.png\" alt class=\"lazyload img-responsive wp-image-43703\" srcset=\"data:image\/svg+xml,%3Csvg%20xmlns%3D%27http%3A%2F%2Fwww.w3.org%2F2000%2Fsvg%27%20width%3D%27400%27%20height%3D%27400%27%20viewBox%3D%270%200%20400%20400%27%3E%3Crect%20width%3D%27400%27%20height%3D%27400%27%20fill-opacity%3D%220%22%2F%3E%3C%2Fsvg%3E\" data-srcset=\"https:\/\/www.visitsicily.info\/wp-content\/uploads\/2021\/11\/400x400-200x200.png 200w, https:\/\/www.visitsicily.info\/wp-content\/uploads\/2021\/11\/400x400.png 400w\" data-sizes=\"auto\" data-orig-sizes=\"(max-width: 1024px) 100vw, (max-width: 640px) 100vw, 400px\" \/><\/span><\/div><\/div><\/div><\/div><div class=\"fusion-text fusion-text-4 fusion-text-no-margin\" style=\"--awb-font-size:20px;--awb-line-height:1;--awb-text-transform:uppercase;--awb-text-color:#df5c40;--awb-margin-bottom:5px;--awb-text-font-family:&quot;Poppins&quot;;--awb-text-font-style:normal;--awb-text-font-weight:700;\"><p>Antigua almadraba Florio de Favignana y Formica<\/p>\n<\/div><\/div><\/li>\n<li class=\"fusion-layout-column fusion_builder_column fusion-builder-column-4 fusion-flex-column fusion-column-inner-bg-wrapper post-card fusion-grid-column fusion-post-cards-grid-column\" style=\"--awb-inner-bg-position:center center;--awb-inner-bg-blend:overlay;--awb-inner-bg-size:cover;--awb-flex-grow:0;--awb-flex-shrink:0;--awb-flex-grow-medium:0;--awb-flex-shrink-medium:0;--awb-flex-grow-small:0;--awb-flex-shrink-small:0;\"><span class=\"fusion-column-inner-bg hover-type-none\"><a class=\"fusion-column-anchor\" href=\"https:\/\/www.visitsicily.info\/es\/attrazione\/teatro-antiguo-de-catania\/\" aria-label=\"Teatro Antiguo de Catania\"><span class=\"fusion-column-inner-bg-image\"><\/span><\/a><\/span><div class=\"fusion-column-wrapper fusion-column-has-shadow fusion-flex-justify-content-center fusion-content-layout-column\"><div class=\"fusion-builder-row fusion-builder-row-inner fusion-row fusion-flex-align-items-flex-start fusion-flex-content-wrap\" style=\"--awb-flex-grow:0;--awb-flex-grow-medium:0;--awb-flex-grow-small:0;--awb-flex-shrink:0;--awb-flex-shrink-medium:0;--awb-flex-shrink-small:0;width:104% !important;max-width:104% !important;margin-left: calc(-4% \/ 2 );margin-right: calc(-4% \/ 2 );\"><div class=\"fusion-layout-column fusion_builder_column_inner fusion-builder-nested-column-1 fusion_builder_column_inner_1_1 1_1 fusion-flex-column\" style=\"--awb-bg-color:#777777;--awb-bg-color-hover:#777777;--awb-bg-position:center center;--awb-bg-size:cover;--awb-width-large:100%;--awb-margin-top-large:0px;--awb-spacing-right-large:1.92%;--awb-margin-bottom-large:20px;--awb-spacing-left-large:1.92%;--awb-width-medium:100%;--awb-order-medium:0;--awb-spacing-right-medium:1.92%;--awb-spacing-left-medium:1.92%;--awb-width-small:100%;--awb-order-small:0;--awb-spacing-right-small:1.92%;--awb-spacing-left-small:1.92%;\" data-scroll-devices=\"small-visibility,medium-visibility,large-visibility\"><div class=\"fusion-column-wrapper fusion-column-has-shadow fusion-flex-justify-content-flex-start fusion-content-layout-column\"><div class=\"card-bg-img\" style=\"background-image:url(https:\/\/www.visitsicily.info\/wp-content\/uploads\/2019\/08\/teatro-greco-catania-1024x768.jpg);position: absolute;top: 0;left: 0;width: 100%;height: 100%;background-size: cover;background-position: center;z-index: -1;\"><\/div><div class=\"fusion-image-element \" style=\"--awb-caption-title-font-family:var(--h2_typography-font-family);--awb-caption-title-font-weight:var(--h2_typography-font-weight);--awb-caption-title-font-style:var(--h2_typography-font-style);--awb-caption-title-size:var(--h2_typography-font-size);--awb-caption-title-transform:var(--h2_typography-text-transform);--awb-caption-title-line-height:var(--h2_typography-line-height);--awb-caption-title-letter-spacing:var(--h2_typography-letter-spacing);--awb-filter:opacity(0%);--awb-filter-transition:filter 0.3s ease;--awb-filter-hover:opacity(0%);\"><span class=\" fusion-imageframe imageframe-none imageframe-2 hover-type-none\"><img decoding=\"async\" width=\"400\" height=\"400\" title=\"400&#215;400\" src=\"https:\/\/www.visitsicily.info\/wp-content\/uploads\/2021\/11\/400x400.png\" data-orig-src=\"https:\/\/www.visitsicily.info\/wp-content\/uploads\/2021\/11\/400x400.png\" alt class=\"lazyload img-responsive wp-image-43703\" srcset=\"data:image\/svg+xml,%3Csvg%20xmlns%3D%27http%3A%2F%2Fwww.w3.org%2F2000%2Fsvg%27%20width%3D%27400%27%20height%3D%27400%27%20viewBox%3D%270%200%20400%20400%27%3E%3Crect%20width%3D%27400%27%20height%3D%27400%27%20fill-opacity%3D%220%22%2F%3E%3C%2Fsvg%3E\" data-srcset=\"https:\/\/www.visitsicily.info\/wp-content\/uploads\/2021\/11\/400x400-200x200.png 200w, https:\/\/www.visitsicily.info\/wp-content\/uploads\/2021\/11\/400x400.png 400w\" data-sizes=\"auto\" data-orig-sizes=\"(max-width: 1024px) 100vw, (max-width: 640px) 100vw, 400px\" \/><\/span><\/div><\/div><\/div><\/div><div class=\"fusion-text fusion-text-5 fusion-text-no-margin\" style=\"--awb-font-size:20px;--awb-line-height:1;--awb-text-transform:uppercase;--awb-text-color:#df5c40;--awb-margin-bottom:5px;--awb-text-font-family:&quot;Poppins&quot;;--awb-text-font-style:normal;--awb-text-font-weight:700;\"><p>Teatro Antiguo de Catania<\/p>\n<\/div><\/div><\/li>\n<\/ul><\/div><div style=\"text-align:center;\"><a class=\"fusion-button button-flat fusion-button-default-size button-default fusion-button-default button-1 fusion-button-default-span \" style=\"--button_text_transform:uppercase;\" target=\"_self\" href=\"\/es\/attrazione\/\"><span class=\"fusion-button-text awb-button__text awb-button__text--default\">VER TODO<\/span><\/a><\/div><\/div><\/div><\/div><\/div><\/p>\n","protected":false},"excerpt":{"rendered":"","protected":false},"author":33,"featured_media":0,"parent":0,"menu_order":0,"comment_status":"closed","ping_status":"closed","template":"100-width.php","meta":{"_acf_changed":false,"footnotes":""},"class_list":["post-47174","page","type-page","status-publish","hentry"],"acf":[],"yoast_head":"<!-- This site is optimized with the Yoast SEO plugin v27.2 - https:\/\/yoast.com\/product\/yoast-seo-wordpress\/ -->\n<title>Attracciones - Visit Sicily<\/title>\n<meta name=\"description\" content=\"Todos los viajes empiezan con un deseo. Y todos sus deseos se hacen realidad en Sicilia.\" \/>\n<meta name=\"robots\" content=\"index, follow, max-snippet:-1, max-image-preview:large, max-video-preview:-1\" \/>\n<link rel=\"canonical\" href=\"https:\/\/www.visitsicily.info\/es\/attrazioni\/\" \/>\n<meta property=\"og:locale\" content=\"es_ES\" \/>\n<meta property=\"og:type\" content=\"article\" \/>\n<meta property=\"og:title\" content=\"Attracciones - Visit Sicily\" \/>\n<meta property=\"og:description\" content=\"Todos los viajes empiezan con un deseo. Y todos sus deseos se hacen realidad en Sicilia.\" \/>\n<meta property=\"og:url\" content=\"https:\/\/www.visitsicily.info\/es\/attrazioni\/\" \/>\n<meta property=\"og:site_name\" content=\"Visit Sicily\" \/>\n<meta property=\"article:publisher\" content=\"https:\/\/www.facebook.com\/visitsicily.info\/\" \/>\n<meta property=\"article:modified_time\" content=\"2022-06-24T18:05:32+00:00\" \/>\n<meta property=\"og:image\" content=\"https:\/\/www.visitsicily.info\/wp-content\/uploads\/2021\/12\/Schermata-2021-12-06-alle-14.51.18-1024x603.png\" \/>\n\t<meta property=\"og:image:width\" content=\"1024\" \/>\n\t<meta property=\"og:image:height\" content=\"603\" \/>\n\t<meta property=\"og:image:type\" content=\"image\/png\" \/>\n<meta name=\"twitter:card\" content=\"summary_large_image\" \/>\n<meta name=\"twitter:site\" content=\"@VisitSicilyOP\" \/>\n<meta name=\"twitter:label1\" content=\"Tiempo de lectura\" \/>\n\t<meta name=\"twitter:data1\" content=\"6 minutos\" \/>\n<script type=\"application\/ld+json\" class=\"yoast-schema-graph\">{\"@context\":\"https:\/\/schema.org\",\"@graph\":[{\"@type\":\"WebPage\",\"@id\":\"https:\/\/www.visitsicily.info\/es\/attrazioni\/\",\"url\":\"https:\/\/www.visitsicily.info\/es\/attrazioni\/\",\"name\":\"Attracciones - Visit Sicily\",\"isPartOf\":{\"@id\":\"https:\/\/www.visitsicily.info\/es\/#website\"},\"datePublished\":\"2021-10-25T07:00:43+00:00\",\"dateModified\":\"2022-06-24T18:05:32+00:00\",\"description\":\"Todos los viajes empiezan con un deseo. Y todos sus deseos se hacen realidad en Sicilia.\",\"breadcrumb\":{\"@id\":\"https:\/\/www.visitsicily.info\/es\/attrazioni\/#breadcrumb\"},\"inLanguage\":\"es\",\"potentialAction\":[{\"@type\":\"ReadAction\",\"target\":[\"https:\/\/www.visitsicily.info\/es\/attrazioni\/\"]}]},{\"@type\":\"BreadcrumbList\",\"@id\":\"https:\/\/www.visitsicily.info\/es\/attrazioni\/#breadcrumb\",\"itemListElement\":[{\"@type\":\"ListItem\",\"position\":1,\"name\":\"Home\",\"item\":\"https:\/\/www.visitsicily.info\/es\/\"},{\"@type\":\"ListItem\",\"position\":2,\"name\":\"attrazione-hp\"}]},{\"@type\":\"WebSite\",\"@id\":\"https:\/\/www.visitsicily.info\/es\/#website\",\"url\":\"https:\/\/www.visitsicily.info\/es\/\",\"name\":\"Visit Sicily\",\"description\":\"Island of art\",\"publisher\":{\"@id\":\"https:\/\/www.visitsicily.info\/es\/#organization\"},\"potentialAction\":[{\"@type\":\"SearchAction\",\"target\":{\"@type\":\"EntryPoint\",\"urlTemplate\":\"https:\/\/www.visitsicily.info\/es\/?s={search_term_string}\"},\"query-input\":{\"@type\":\"PropertyValueSpecification\",\"valueRequired\":true,\"valueName\":\"search_term_string\"}}],\"inLanguage\":\"es\"},{\"@type\":\"Organization\",\"@id\":\"https:\/\/www.visitsicily.info\/es\/#organization\",\"name\":\"Regione Siciliana\",\"url\":\"https:\/\/www.visitsicily.info\/es\/\",\"logo\":{\"@type\":\"ImageObject\",\"inLanguage\":\"es\",\"@id\":\"https:\/\/www.visitsicily.info\/es\/#\/schema\/logo\/image\/\",\"url\":\"https:\/\/www.visitsicily.info\/wp-content\/uploads\/2021\/05\/regione-siciliana-logo2.png\",\"contentUrl\":\"https:\/\/www.visitsicily.info\/wp-content\/uploads\/2021\/05\/regione-siciliana-logo2.png\",\"width\":200,\"height\":200,\"caption\":\"Regione Siciliana\"},\"image\":{\"@id\":\"https:\/\/www.visitsicily.info\/es\/#\/schema\/logo\/image\/\"},\"sameAs\":[\"https:\/\/www.facebook.com\/visitsicily.info\/\",\"https:\/\/x.com\/VisitSicilyOP\",\"https:\/\/www.instagram.com\/ig_visitsicily\/\",\"https:\/\/www.pinterest.com\/visitsicilyOP\/followers\/\",\"https:\/\/www.youtube.com\/user\/siciliaturismo\"]}]}<\/script>\n<!-- \/ Yoast SEO plugin. -->","yoast_head_json":{"title":"Attracciones - Visit Sicily","description":"Todos los viajes empiezan con un deseo. Y todos sus deseos se hacen realidad en Sicilia.","robots":{"index":"index","follow":"follow","max-snippet":"max-snippet:-1","max-image-preview":"max-image-preview:large","max-video-preview":"max-video-preview:-1"},"canonical":"https:\/\/www.visitsicily.info\/es\/attrazioni\/","og_locale":"es_ES","og_type":"article","og_title":"Attracciones - Visit Sicily","og_description":"Todos los viajes empiezan con un deseo. Y todos sus deseos se hacen realidad en Sicilia.","og_url":"https:\/\/www.visitsicily.info\/es\/attrazioni\/","og_site_name":"Visit Sicily","article_publisher":"https:\/\/www.facebook.com\/visitsicily.info\/","article_modified_time":"2022-06-24T18:05:32+00:00","og_image":[{"width":1024,"height":603,"url":"https:\/\/www.visitsicily.info\/wp-content\/uploads\/2021\/12\/Schermata-2021-12-06-alle-14.51.18-1024x603.png","type":"image\/png"}],"twitter_card":"summary_large_image","twitter_site":"@VisitSicilyOP","twitter_misc":{"Tiempo de lectura":"6 minutos"},"schema":{"@context":"https:\/\/schema.org","@graph":[{"@type":"WebPage","@id":"https:\/\/www.visitsicily.info\/es\/attrazioni\/","url":"https:\/\/www.visitsicily.info\/es\/attrazioni\/","name":"Attracciones - Visit Sicily","isPartOf":{"@id":"https:\/\/www.visitsicily.info\/es\/#website"},"datePublished":"2021-10-25T07:00:43+00:00","dateModified":"2022-06-24T18:05:32+00:00","description":"Todos los viajes empiezan con un deseo. Y todos sus deseos se hacen realidad en Sicilia.","breadcrumb":{"@id":"https:\/\/www.visitsicily.info\/es\/attrazioni\/#breadcrumb"},"inLanguage":"es","potentialAction":[{"@type":"ReadAction","target":["https:\/\/www.visitsicily.info\/es\/attrazioni\/"]}]},{"@type":"BreadcrumbList","@id":"https:\/\/www.visitsicily.info\/es\/attrazioni\/#breadcrumb","itemListElement":[{"@type":"ListItem","position":1,"name":"Home","item":"https:\/\/www.visitsicily.info\/es\/"},{"@type":"ListItem","position":2,"name":"attrazione-hp"}]},{"@type":"WebSite","@id":"https:\/\/www.visitsicily.info\/es\/#website","url":"https:\/\/www.visitsicily.info\/es\/","name":"Visit Sicily","description":"Island of art","publisher":{"@id":"https:\/\/www.visitsicily.info\/es\/#organization"},"potentialAction":[{"@type":"SearchAction","target":{"@type":"EntryPoint","urlTemplate":"https:\/\/www.visitsicily.info\/es\/?s={search_term_string}"},"query-input":{"@type":"PropertyValueSpecification","valueRequired":true,"valueName":"search_term_string"}}],"inLanguage":"es"},{"@type":"Organization","@id":"https:\/\/www.visitsicily.info\/es\/#organization","name":"Regione Siciliana","url":"https:\/\/www.visitsicily.info\/es\/","logo":{"@type":"ImageObject","inLanguage":"es","@id":"https:\/\/www.visitsicily.info\/es\/#\/schema\/logo\/image\/","url":"https:\/\/www.visitsicily.info\/wp-content\/uploads\/2021\/05\/regione-siciliana-logo2.png","contentUrl":"https:\/\/www.visitsicily.info\/wp-content\/uploads\/2021\/05\/regione-siciliana-logo2.png","width":200,"height":200,"caption":"Regione Siciliana"},"image":{"@id":"https:\/\/www.visitsicily.info\/es\/#\/schema\/logo\/image\/"},"sameAs":["https:\/\/www.facebook.com\/visitsicily.info\/","https:\/\/x.com\/VisitSicilyOP","https:\/\/www.instagram.com\/ig_visitsicily\/","https:\/\/www.pinterest.com\/visitsicilyOP\/followers\/","https:\/\/www.youtube.com\/user\/siciliaturismo"]}]}},"_links":{"self":[{"href":"https:\/\/www.visitsicily.info\/es\/wp-json\/wp\/v2\/pages\/47174","targetHints":{"allow":["GET"]}}],"collection":[{"href":"https:\/\/www.visitsicily.info\/es\/wp-json\/wp\/v2\/pages"}],"about":[{"href":"https:\/\/www.visitsicily.info\/es\/wp-json\/wp\/v2\/types\/page"}],"author":[{"embeddable":true,"href":"https:\/\/www.visitsicily.info\/es\/wp-json\/wp\/v2\/users\/33"}],"replies":[{"embeddable":true,"href":"https:\/\/www.visitsicily.info\/es\/wp-json\/wp\/v2\/comments?post=47174"}],"version-history":[{"count":8,"href":"https:\/\/www.visitsicily.info\/es\/wp-json\/wp\/v2\/pages\/47174\/revisions"}],"predecessor-version":[{"id":65100,"href":"https:\/\/www.visitsicily.info\/es\/wp-json\/wp\/v2\/pages\/47174\/revisions\/65100"}],"wp:attachment":[{"href":"https:\/\/www.visitsicily.info\/es\/wp-json\/wp\/v2\/media?parent=47174"}],"curies":[{"name":"wp","href":"https:\/\/api.w.org\/{rel}","templated":true}]}}