{"id":46434,"date":"2021-12-06T14:27:17","date_gmt":"2021-12-06T13:27:17","guid":{"rendered":"https:\/\/www.visitsicily.info\/?page_id=46434"},"modified":"2025-10-21T11:01:33","modified_gmt":"2025-10-21T09:01:33","slug":"informativa-privacy-e-cookie-policy","status":"publish","type":"page","link":"https:\/\/www.visitsicily.info\/es\/informativa-privacy-e-cookie-policy\/","title":{"rendered":"Pol\u00edtica de privacidad y pol\u00edtica de cookies"},"content":{"rendered":"<div class=\"fusion-fullwidth fullwidth-box fusion-builder-row-1 fusion-flex-container nonhundred-percent-fullwidth non-hundred-percent-height-scrolling\" style=\"--awb-border-radius-top-left:0px;--awb-border-radius-top-right:0px;--awb-border-radius-bottom-right:0px;--awb-border-radius-bottom-left:0px;--awb-flex-wrap:wrap;\" ><div class=\"fusion-builder-row fusion-row fusion-flex-align-items-flex-start fusion-flex-content-wrap\" style=\"max-width:1248px;margin-left: calc(-4% \/ 2 );margin-right: calc(-4% \/ 2 );\"><div class=\"fusion-layout-column fusion_builder_column fusion-builder-column-0 fusion_builder_column_1_1 1_1 fusion-flex-column\" style=\"--awb-bg-size:cover;--awb-width-large:100%;--awb-margin-top-large:0px;--awb-spacing-right-large:1.92%;--awb-margin-bottom-large:20px;--awb-spacing-left-large:1.92%;--awb-width-medium:100%;--awb-order-medium:0;--awb-spacing-right-medium:1.92%;--awb-spacing-left-medium:1.92%;--awb-width-small:100%;--awb-order-small:0;--awb-spacing-right-small:1.92%;--awb-spacing-left-small:1.92%;\"><div class=\"fusion-column-wrapper fusion-column-has-shadow fusion-flex-justify-content-flex-start fusion-content-layout-column\"><div class=\"fusion-text fusion-text-1\" style=\"--awb-content-alignment:justify;--awb-font-size:20px;--awb-text-transform:none;--awb-text-font-family:&quot;Poppins&quot;;--awb-text-font-style:normal;--awb-text-font-weight:400;\"><ol>\n<li>\n<h3><strong> Tratamiento de datos personales a los que se refiere esta informaci\u00f3n <\/strong><\/h3>\n<\/li>\n<\/ol>\n<p style=\"padding-left: 40px;\">Esta informaci\u00f3n se proporciona de conformidad con el art. 13 del Reglamento de la UE n. 2016\/679 a los usuarios que, al visitar el sitio web visitsicily.info <em>, <\/em> se encuentran disponibles en la direcci\u00f3n <a href=\"https:\/\/www.visitsicily.info\/\">https:\/\/www.visitsicily.info\/<\/a>, facilite sus datos personales de forma expl\u00edcita o simplemente navegando. La vigencia de la informaci\u00f3n contenida en esta p\u00e1gina no se extiende a otros sitios web que puedan ser consultados a trav\u00e9s de un enlace de hipertexto en el sitio.<\/p>\n<p style=\"padding-left: 40px;\">Los usuarios, que utilizan el sitio a trav\u00e9s de un dispositivo (computadora, tableta, tel\u00e9fono inteligente, etc.), aceptan esta informaci\u00f3n sobre el procesamiento de datos personales y, por lo tanto, est\u00e1n invitados a leerla en su totalidad antes proporcionar informaci\u00f3n personal de cualquier tipo.<\/p>\n<p style=\"padding-left: 40px;\">El tratamiento se basa en los principios de correcci\u00f3n, licitud, relevancia y transparencia y la protecci\u00f3n de la privacidad y los derechos del interesado de acuerdo con la ley.<\/p>\n<ol start=\"2\">\n<li>\n<h3><strong> Sujetos involucrados en el procesamiento de datos <\/strong><\/h3>\n<\/li>\n<\/ol>\n<p style=\"padding-left: 40px;\">El controlador de datos es la Regi\u00f3n de Sicilia &#8211; Departamento de Turismo, Deporte y Entretenimiento, representada por el Consejero pro-tempore, con domicilio en Palermo, via Notarbartolo, n. 9, correo electr\u00f3nico : assessore.turismo@regione.sicilia.it, pec: assessorato.turismo@certmail.regione.sicilia.it, tel\u00e9fono 0917078170.<\/p>\n<p style=\"padding-left: 40px;\">El Procesador de Datos es el Departamento de Turismo, Deportes y Entretenimiento, representado por el Gerente General pro-tempore con domicilio en Palermo, v\u00eda Emanuele Notarbartolo n. 9, correo electr\u00f3nico: direzione.turismo@regione.sicilia.it, correo electr\u00f3nico certificado: department.turismo@certmail.regione.sicilia.it, tel\u00e9fono 0917078093.<\/p>\n<p style=\"padding-left: 40px;\">En nombre del Responsable del tratamiento y del Responsable, el tratamiento tambi\u00e9n lo lleva a cabo el subadministrador del tratamiento, representado por el Responsable pro-tempore del Servicio 1 &#8211; Comunicaci\u00f3n del Departamento de Turismo, de Deportes y Espect\u00e1culos con domicilio en Catania, v\u00eda Beato Bernardo n. 5, correo electr\u00f3nico: servizio1.turismo@regione.sicilia.it, tel\u00e9fono 095\/7477415.<\/p>\n<p style=\"padding-left: 40px;\">Para tareas particulares puramente t\u00e9cnicas, el subgerente t\u00e9cnico, Sicilia Digitale con domicilio en Palermo, v\u00eda Thaon de Revel 18\/20, correo electr\u00f3nico: protocol @ siciliaeservizi interviene en el procesamiento de datos. it, pec: siciliaeservizi@pec.it.<\/p>\n<ol start=\"3\">\n<li>\n<h3><strong> El delegado de protecci\u00f3n de datos <\/strong><\/h3>\n<\/li>\n<\/ol>\n<p style=\"padding-left: 40px;\">La informaci\u00f3n relativa al responsable de protecci\u00f3n de datos de la regi\u00f3n de Sicilia se puede encontrar en la p\u00e1gina web https:\/\/www.regione.sicilia.it\/privacy\/responsabile-protezione-dati<\/p>\n<p style=\"padding-left: 40px;\">La direcci\u00f3n de correo electr\u00f3nico es dpo@regione.sicilia.it<\/p>\n<ol start=\"4\">\n<li>\n<h3><strong> Tipos de datos procesados \u200b\u200by fines del procesamiento <\/strong><\/h3>\n<\/li>\n<\/ol>\n<p style=\"padding-left: 40px;\">Los sistemas inform\u00e1ticos y los procedimientos de software utilizados para operar el sitio adquieren algunos datos personales relacionados con la navegaci\u00f3n, cuya transmisi\u00f3n est\u00e1 impl\u00edcita en el uso de protocolos de comunicaci\u00f3n de Internet (por ejemplo, el La direcci\u00f3n IP o los nombres de dominio de los dispositivos a trav\u00e9s de los cuales los visitantes se conectan al sitio, las direcciones de notaci\u00f3n URI (de los recursos solicitados, los registros del sistema, el ID o identificador \u00fanico del dispositivo, el tipo de dispositivo).<\/p>\n<p style=\"padding-left: 40px;\">Esta informaci\u00f3n no se recopila para asociarla con las partes interesadas identificadas, sino con el \u00fanico prop\u00f3sito de obtener informaci\u00f3n estad\u00edstica an\u00f3nima sobre el uso del sitio y verificar su correcto funcionamiento.<\/p>\n<p style=\"padding-left: 40px;\">Al visitar las p\u00e1ginas de este sitio, el usuario expresa su consentimiento libre y expl\u00edcito de que los datos t\u00e9cnicos antes mencionados se utilizan con el \u00fanico fin de utilizar el servicio y se comunican a terceros solo cuando la ley lo permita.<\/p>\n<p style=\"padding-left: 40px;\">En ning\u00fan caso se utilizar\u00e1n los datos recopilados para realizar la elaboraci\u00f3n de perfiles de usuario.<\/p>\n<p style=\"padding-left: 40px;\">A trav\u00e9s del sitio es posible enviar solicitudes y comunicaciones a las direcciones de contacto indicadas en el mismo. Los datos introducidos por el usuario en los formularios ser\u00e1n utilizados para dar respuesta a sus solicitudes y enviar lo solicitado por \u00e9l. El usuario que completa una solicitud acepta que se tratar\u00e1n los datos personales estrictamente necesarios para enviar una respuesta. Los datos ingresados \u200b\u200ben los formularios y en los correos electr\u00f3nicos enviados a las direcciones publicadas en el sitio se conservar\u00e1n \u00fanicamente por el tiempo necesario para procesar las solicitudes recibidas.<\/p>\n<p style=\"padding-left: 40px;\">Adem\u00e1s de estos datos, tambi\u00e9n se procesan los datos personales relacionados con los registros de los usuarios registrados habilitados para acceder a la secci\u00f3n \u00c1REA RESERVADA del sitio. La secci\u00f3n tiene las siguientes finalidades: Gesti\u00f3n de contenido textual y modificaci\u00f3n de elementos de dise\u00f1o y estructura del sitio. El seguimiento se utiliza para mejorar la actividad de soporte a los usuarios del equipo editorial, los \u00fanicos que tienen <em>. <\/em> Los datos personales proporcionados por los usuarios que acceden se recogen en los servidores del CED en Sicilia Digitale y son almacenado de manera compatible con el prop\u00f3sito de la secci\u00f3n.<\/p>\n<p style=\"padding-left: 40px;\">El sitio utiliza cookies que son peque\u00f1os archivos de texto que env\u00eda al dispositivo del usuario, que contienen informaci\u00f3n sobre la navegaci\u00f3n, y que se almacenan en el propio dispositivo para luego ser retransmitidos al sitio a su solicitud.<\/p>\n<p style=\"padding-left: 40px;\">En particular, el sitio utiliza cookies que contienen uno o m\u00e1s identificadores necesarios para permitir una consulta segura y eficiente del sitio y que no se almacenan permanentemente en el dispositivo del usuario, ya que se eliminan cuando el el navegador est\u00e1 cerrado.<\/p>\n<p style=\"padding-left: 40px;\">Adem\u00e1s, el sitio utiliza cookies de mayor duraci\u00f3n destinadas exclusivamente a reconocer, por un per\u00edodo limitado, el dispositivo del usuario, a trav\u00e9s de un c\u00f3digo alfanum\u00e9rico generado en la primera sesi\u00f3n de acceso. Su desactivaci\u00f3n solo compromete el uso de los servicios accesibles por los usuarios registrados. Normalmente, se puede utilizar la parte p\u00fablica del sitio.<\/p>\n<p style=\"padding-left: 40px;\">El usuario tiene la capacidad de configurar el navegador en su dispositivo para:<\/p>\n<ol>\n<li style=\"list-style-type: none;\">\n<ol>\n<li>aceptar todas las cookies,<\/li>\n<li>recibir notificaciones cuando se env\u00eda una cookie,<\/li>\n<li>no recibe cookies en absoluto.<\/li>\n<\/ol>\n<\/li>\n<\/ol>\n<p style=\"padding-left: 40px;\">Para la gesti\u00f3n, activaci\u00f3n y desactivaci\u00f3n de las cookies, el usuario debe configurar el navegador utilizado adecuadamente para sus elecciones.<\/p>\n<p style=\"padding-left: 40px;\">No se espera que el sitio utilice cookies para otros fines que no sean consultar el sitio.<\/p>\n<p style=\"padding-left: 40px;\">Al visitar este sitio, tambi\u00e9n puede recibir <em> cookies <\/em> de sitios administrados por otras organizaciones. La gesti\u00f3n de la informaci\u00f3n recopilada por estos sujetos se rige por la informaci\u00f3n relevante que por favor consulte las direcciones en la tabla detallada de cookies. La desactivaci\u00f3n de estas <em> cookies <\/em> no prejuzga en modo alguno la consulta del sitio.<\/p>\n<p style=\"padding-left: 40px;\">El sitio utiliza cookies de seguimiento de usuarios para la promoci\u00f3n del turismo en Sicilia en la plataforma de Facebook (Pixel facebook) y otras herramientas publicitarias destinadas a analizar datos para verificar la efectividad de las campa\u00f1as publicitarias en t\u00e9rminos de devoluci\u00f3n y difusi\u00f3n de im\u00e1genes.<\/p>\n<p style=\"padding-left: 40px;\">El sitio utiliza botones especiales, llamados <em> botones sociales <\/em> que representan los iconos de las redes sociales <a href=\"https:\/\/www.facebook.com\/help\/cookies\/\"> Facebook <\/a>, <a href=\"https:\/\/twitter.com\/it\/privacy\"> Twitter <\/a>, <a href=\"https:\/\/policies.google.com\/technologies\/cookies?hl=it&amp;utm_source=ucb \"> YouTube <\/a>, <a href=\"https:\/\/help.instagram.com\/519522125107875\"> Instagram <\/a> y <a href=\"https:\/\/policy.pinterest.com\/it\/cookies\">Pinterest <\/a>. Estos botones permiten a los usuarios que navegan por el sitio hacer clic para visitar las redes sociales y otros sitios web a los que hacen referencia. Este sitio no comparte ninguna informaci\u00f3n de navegaci\u00f3n con las redes sociales o sitios antes mencionados, mientras que estos \u00faltimos est\u00e1n dise\u00f1ados para adquirir datos relacionados con la visita del usuario, tal como se informa en la informaci\u00f3n respectiva, la cual puede ser consultada en los respectivos sitios. La desactivaci\u00f3n de estas cookies no afecta de ninguna manera la consulta del sitio.<\/p>\n<ol start=\"5\">\n<li>\n<h3><strong> M\u00e9todos de procesamiento <\/strong><\/h3>\n<\/li>\n<\/ol>\n<p style=\"padding-left: 40px;\">Los datos se procesan en relaci\u00f3n con la finalidad descrita y con la l\u00f3gica relacionada con la misma de conformidad con los principios establecidos en el art\u00edculo 5 del Reglamento (UE) 2016\/679, con el fin de para garantizar una seguridad adecuada, incluida la protecci\u00f3n contra el procesamiento no autorizado o ilegal, a trav\u00e9s de las medidas t\u00e9cnicas y organizativas adecuadas.<\/p>\n<p style=\"padding-left: 40px;\">Con base en los datos cubiertos por esta divulgaci\u00f3n, la Administraci\u00f3n no tomar\u00e1 ninguna decisi\u00f3n mediante un procesamiento totalmente automatizado, ni se llevar\u00e1 a cabo ning\u00fan perfil automatizado.<\/p>\n<ol start=\"6\">\n<li>\n<h3><strong> Comunicaci\u00f3n y difusi\u00f3n de datos <\/strong><\/h3>\n<\/li>\n<\/ol>\n<p style=\"padding-left: 40px;\">Los datos recopilados durante la navegaci\u00f3n podr\u00e1n ser procesados \u200b\u200bpara los fines mencionados en este aviso informativo por los sujetos mencionados en el punto 2 y por las personas autorizadas por ellos para su procesamiento. &lt;\/ p&gt;<\/p>\n<p style=\"padding-left: 40px;\">Los datos podr\u00e1n ser comunicados en los casos y en la forma que prescriba la ley.<\/p>\n<p style=\"padding-left: 40px;\">Los datos no se divulgar\u00e1n a otros sujetos.<\/p>\n<ol start=\"7\">\n<li>\n<h3><strong> Retenci\u00f3n de datos <\/strong><\/h3>\n<\/li>\n<\/ol>\n<p style=\"padding-left: 40px;\">Los datos ingresados \u200b\u200ben el sitio se conservar\u00e1n solo por el tiempo necesario para su procesamiento. Si los datos se utilizan para evaluaciones de responsabilidad, la cancelaci\u00f3n est\u00e1 suspendida por ley.<\/p>\n<ol start=\"8\">\n<li>\n<h3><strong> Derechos del interesado <\/strong><\/h3>\n<\/li>\n<\/ol>\n<p style=\"padding-left: 40px;\">El usuario puede ejercer sus derechos en virtud de los art\u00edculos del 15 al 22 del Reglamento UE 679\/2016 sobre los datos personales que le conciernen y en particular el derecho de acceso, rectificaci\u00f3n, cancelaci\u00f3n y portabilidad de los datos personales, el derecho a solicitar la limitaci\u00f3n y oponerse al procesamiento y el derecho a obtener confirmaci\u00f3n o no sobre la existencia de un tratamiento, mediante el env\u00edo de una comunicaci\u00f3n al Responsable del tratamiento a una de las direcciones indicadas en el punto 1.<\/p>\n<p style=\"padding-left: 40px;\">El interesado puede en cualquier momento presentar una queja ante la Autoridad para la protecci\u00f3n de datos personales, Piazza Venezia n. 11, 00187 Roma, correo electr\u00f3nico: protocopllo@gpdp.it, pec: protocol@pec.gpdp.it<\/p>\n<h4 style=\"padding-left: 40px;\"><strong>Fecha de actualizaci\u00f3n: 11\/21\/2021<\/strong><\/h4>\n<h4 style=\"padding-left: 40px;\"><strong>El controlador de datos:<\/strong><\/h4>\n<p style=\"padding-left: 40px;\">Regi\u00f3n de Sicilia<\/p>\n<p style=\"padding-left: 40px;\">Departamento Regional de Turismo, Deporte y Entretenimiento<\/p>\n<p style=\"padding-left: 40px;\">concejal pro-tempore<\/p>\n<p style=\"padding-left: 40px;\">Dr. Elvira Amata<\/p>\n<\/div><div ><a class=\"fusion-button button-flat fusion-button-default-size button-default fusion-button-default button-1 fusion-button-default-span fusion-button-default-type\" target=\"_blank\" rel=\"noopener noreferrer\" href=\"https:\/\/www.visitsicily.info\/wp-content\/uploads\/2021\/09\/Cookie-Policy.pdf\"><span class=\"fusion-button-text awb-button__text awb-button__text--default\">Descarga la pol\u00edtica de cookies<\/span><\/a><\/div><\/div><\/div><\/div><\/div>\n","protected":false},"excerpt":{"rendered":"","protected":false},"author":33,"featured_media":0,"parent":0,"menu_order":0,"comment_status":"open","ping_status":"open","template":"","meta":{"_acf_changed":false,"footnotes":""},"class_list":["post-46434","page","type-page","status-publish","hentry"],"acf":[],"yoast_head":"<!-- This site is optimized with the Yoast SEO plugin v27.2 - https:\/\/yoast.com\/product\/yoast-seo-wordpress\/ -->\n<title>Pol\u00edtica de privacidad y pol\u00edtica de cookies - Visit Sicily<\/title>\n<meta name=\"description\" content=\"Pol\u00edtica de privacidad y pol\u00edtica de cookies\" \/>\n<meta name=\"robots\" content=\"index, follow, max-snippet:-1, max-image-preview:large, max-video-preview:-1\" \/>\n<link rel=\"canonical\" href=\"https:\/\/www.visitsicily.info\/es\/informativa-privacy-e-cookie-policy\/\" \/>\n<meta property=\"og:locale\" content=\"es_ES\" \/>\n<meta property=\"og:type\" content=\"article\" \/>\n<meta property=\"og:title\" content=\"Pol\u00edtica de privacidad y pol\u00edtica de cookies - Visit Sicily\" \/>\n<meta property=\"og:description\" content=\"Pol\u00edtica de privacidad y pol\u00edtica de cookies\" \/>\n<meta property=\"og:url\" content=\"https:\/\/www.visitsicily.info\/es\/informativa-privacy-e-cookie-policy\/\" \/>\n<meta property=\"og:site_name\" content=\"Visit Sicily\" \/>\n<meta property=\"article:publisher\" content=\"https:\/\/www.facebook.com\/visitsicily.info\/\" \/>\n<meta property=\"article:modified_time\" content=\"2025-10-21T09:01:33+00:00\" \/>\n<meta property=\"og:image\" content=\"https:\/\/www.visitsicily.info\/wp-content\/uploads\/2021\/12\/Schermata-2021-12-06-alle-14.51.18-1024x603.png\" \/>\n\t<meta property=\"og:image:width\" content=\"1024\" \/>\n\t<meta property=\"og:image:height\" content=\"603\" \/>\n\t<meta property=\"og:image:type\" content=\"image\/png\" \/>\n<meta name=\"twitter:card\" content=\"summary_large_image\" \/>\n<meta name=\"twitter:site\" content=\"@VisitSicilyOP\" \/>\n<meta name=\"twitter:label1\" content=\"Tiempo de lectura\" \/>\n\t<meta name=\"twitter:data1\" content=\"8 minutos\" \/>\n<script type=\"application\/ld+json\" class=\"yoast-schema-graph\">{\"@context\":\"https:\/\/schema.org\",\"@graph\":[{\"@type\":\"WebPage\",\"@id\":\"https:\/\/www.visitsicily.info\/es\/informativa-privacy-e-cookie-policy\/\",\"url\":\"https:\/\/www.visitsicily.info\/es\/informativa-privacy-e-cookie-policy\/\",\"name\":\"Pol\u00edtica de privacidad y pol\u00edtica de cookies - Visit Sicily\",\"isPartOf\":{\"@id\":\"https:\/\/www.visitsicily.info\/es\/#website\"},\"datePublished\":\"2021-12-06T13:27:17+00:00\",\"dateModified\":\"2025-10-21T09:01:33+00:00\",\"description\":\"Pol\u00edtica de privacidad y pol\u00edtica de cookies\",\"breadcrumb\":{\"@id\":\"https:\/\/www.visitsicily.info\/es\/informativa-privacy-e-cookie-policy\/#breadcrumb\"},\"inLanguage\":\"es\",\"potentialAction\":[{\"@type\":\"ReadAction\",\"target\":[\"https:\/\/www.visitsicily.info\/es\/informativa-privacy-e-cookie-policy\/\"]}]},{\"@type\":\"BreadcrumbList\",\"@id\":\"https:\/\/www.visitsicily.info\/es\/informativa-privacy-e-cookie-policy\/#breadcrumb\",\"itemListElement\":[{\"@type\":\"ListItem\",\"position\":1,\"name\":\"Home\",\"item\":\"https:\/\/www.visitsicily.info\/es\/\"},{\"@type\":\"ListItem\",\"position\":2,\"name\":\"Pol\u00edtica de privacidad y pol\u00edtica de cookies\"}]},{\"@type\":\"WebSite\",\"@id\":\"https:\/\/www.visitsicily.info\/es\/#website\",\"url\":\"https:\/\/www.visitsicily.info\/es\/\",\"name\":\"Visit Sicily\",\"description\":\"Island of art\",\"publisher\":{\"@id\":\"https:\/\/www.visitsicily.info\/es\/#organization\"},\"potentialAction\":[{\"@type\":\"SearchAction\",\"target\":{\"@type\":\"EntryPoint\",\"urlTemplate\":\"https:\/\/www.visitsicily.info\/es\/?s={search_term_string}\"},\"query-input\":{\"@type\":\"PropertyValueSpecification\",\"valueRequired\":true,\"valueName\":\"search_term_string\"}}],\"inLanguage\":\"es\"},{\"@type\":\"Organization\",\"@id\":\"https:\/\/www.visitsicily.info\/es\/#organization\",\"name\":\"Regione Siciliana\",\"url\":\"https:\/\/www.visitsicily.info\/es\/\",\"logo\":{\"@type\":\"ImageObject\",\"inLanguage\":\"es\",\"@id\":\"https:\/\/www.visitsicily.info\/es\/#\/schema\/logo\/image\/\",\"url\":\"https:\/\/www.visitsicily.info\/wp-content\/uploads\/2021\/05\/regione-siciliana-logo2.png\",\"contentUrl\":\"https:\/\/www.visitsicily.info\/wp-content\/uploads\/2021\/05\/regione-siciliana-logo2.png\",\"width\":200,\"height\":200,\"caption\":\"Regione Siciliana\"},\"image\":{\"@id\":\"https:\/\/www.visitsicily.info\/es\/#\/schema\/logo\/image\/\"},\"sameAs\":[\"https:\/\/www.facebook.com\/visitsicily.info\/\",\"https:\/\/x.com\/VisitSicilyOP\",\"https:\/\/www.instagram.com\/ig_visitsicily\/\",\"https:\/\/www.pinterest.com\/visitsicilyOP\/followers\/\",\"https:\/\/www.youtube.com\/user\/siciliaturismo\"]}]}<\/script>\n<!-- \/ Yoast SEO plugin. -->","yoast_head_json":{"title":"Pol\u00edtica de privacidad y pol\u00edtica de cookies - Visit Sicily","description":"Pol\u00edtica de privacidad y pol\u00edtica de cookies","robots":{"index":"index","follow":"follow","max-snippet":"max-snippet:-1","max-image-preview":"max-image-preview:large","max-video-preview":"max-video-preview:-1"},"canonical":"https:\/\/www.visitsicily.info\/es\/informativa-privacy-e-cookie-policy\/","og_locale":"es_ES","og_type":"article","og_title":"Pol\u00edtica de privacidad y pol\u00edtica de cookies - Visit Sicily","og_description":"Pol\u00edtica de privacidad y pol\u00edtica de cookies","og_url":"https:\/\/www.visitsicily.info\/es\/informativa-privacy-e-cookie-policy\/","og_site_name":"Visit Sicily","article_publisher":"https:\/\/www.facebook.com\/visitsicily.info\/","article_modified_time":"2025-10-21T09:01:33+00:00","og_image":[{"width":1024,"height":603,"url":"https:\/\/www.visitsicily.info\/wp-content\/uploads\/2021\/12\/Schermata-2021-12-06-alle-14.51.18-1024x603.png","type":"image\/png"}],"twitter_card":"summary_large_image","twitter_site":"@VisitSicilyOP","twitter_misc":{"Tiempo de lectura":"8 minutos"},"schema":{"@context":"https:\/\/schema.org","@graph":[{"@type":"WebPage","@id":"https:\/\/www.visitsicily.info\/es\/informativa-privacy-e-cookie-policy\/","url":"https:\/\/www.visitsicily.info\/es\/informativa-privacy-e-cookie-policy\/","name":"Pol\u00edtica de privacidad y pol\u00edtica de cookies - Visit Sicily","isPartOf":{"@id":"https:\/\/www.visitsicily.info\/es\/#website"},"datePublished":"2021-12-06T13:27:17+00:00","dateModified":"2025-10-21T09:01:33+00:00","description":"Pol\u00edtica de privacidad y pol\u00edtica de cookies","breadcrumb":{"@id":"https:\/\/www.visitsicily.info\/es\/informativa-privacy-e-cookie-policy\/#breadcrumb"},"inLanguage":"es","potentialAction":[{"@type":"ReadAction","target":["https:\/\/www.visitsicily.info\/es\/informativa-privacy-e-cookie-policy\/"]}]},{"@type":"BreadcrumbList","@id":"https:\/\/www.visitsicily.info\/es\/informativa-privacy-e-cookie-policy\/#breadcrumb","itemListElement":[{"@type":"ListItem","position":1,"name":"Home","item":"https:\/\/www.visitsicily.info\/es\/"},{"@type":"ListItem","position":2,"name":"Pol\u00edtica de privacidad y pol\u00edtica de cookies"}]},{"@type":"WebSite","@id":"https:\/\/www.visitsicily.info\/es\/#website","url":"https:\/\/www.visitsicily.info\/es\/","name":"Visit Sicily","description":"Island of art","publisher":{"@id":"https:\/\/www.visitsicily.info\/es\/#organization"},"potentialAction":[{"@type":"SearchAction","target":{"@type":"EntryPoint","urlTemplate":"https:\/\/www.visitsicily.info\/es\/?s={search_term_string}"},"query-input":{"@type":"PropertyValueSpecification","valueRequired":true,"valueName":"search_term_string"}}],"inLanguage":"es"},{"@type":"Organization","@id":"https:\/\/www.visitsicily.info\/es\/#organization","name":"Regione Siciliana","url":"https:\/\/www.visitsicily.info\/es\/","logo":{"@type":"ImageObject","inLanguage":"es","@id":"https:\/\/www.visitsicily.info\/es\/#\/schema\/logo\/image\/","url":"https:\/\/www.visitsicily.info\/wp-content\/uploads\/2021\/05\/regione-siciliana-logo2.png","contentUrl":"https:\/\/www.visitsicily.info\/wp-content\/uploads\/2021\/05\/regione-siciliana-logo2.png","width":200,"height":200,"caption":"Regione Siciliana"},"image":{"@id":"https:\/\/www.visitsicily.info\/es\/#\/schema\/logo\/image\/"},"sameAs":["https:\/\/www.facebook.com\/visitsicily.info\/","https:\/\/x.com\/VisitSicilyOP","https:\/\/www.instagram.com\/ig_visitsicily\/","https:\/\/www.pinterest.com\/visitsicilyOP\/followers\/","https:\/\/www.youtube.com\/user\/siciliaturismo"]}]}},"_links":{"self":[{"href":"https:\/\/www.visitsicily.info\/es\/wp-json\/wp\/v2\/pages\/46434","targetHints":{"allow":["GET"]}}],"collection":[{"href":"https:\/\/www.visitsicily.info\/es\/wp-json\/wp\/v2\/pages"}],"about":[{"href":"https:\/\/www.visitsicily.info\/es\/wp-json\/wp\/v2\/types\/page"}],"author":[{"embeddable":true,"href":"https:\/\/www.visitsicily.info\/es\/wp-json\/wp\/v2\/users\/33"}],"replies":[{"embeddable":true,"href":"https:\/\/www.visitsicily.info\/es\/wp-json\/wp\/v2\/comments?post=46434"}],"version-history":[{"count":13,"href":"https:\/\/www.visitsicily.info\/es\/wp-json\/wp\/v2\/pages\/46434\/revisions"}],"predecessor-version":[{"id":100178,"href":"https:\/\/www.visitsicily.info\/es\/wp-json\/wp\/v2\/pages\/46434\/revisions\/100178"}],"wp:attachment":[{"href":"https:\/\/www.visitsicily.info\/es\/wp-json\/wp\/v2\/media?parent=46434"}],"curies":[{"name":"wp","href":"https:\/\/api.w.org\/{rel}","templated":true}]}}